{"id":1604,"date":"2023-10-12T12:48:55","date_gmt":"2023-10-12T12:48:55","guid":{"rendered":"https:\/\/zeldapeople.com\/kontakt\/"},"modified":"2023-11-08T08:14:08","modified_gmt":"2023-11-08T08:14:08","slug":"kontakt","status":"publish","type":"page","link":"https:\/\/zeldapeople.com\/de\/kontakt\/","title":{"rendered":"Kontakt"},"content":{"rendered":"\t\t<div data-elementor-type=\"wp-page\" data-elementor-id=\"1604\" class=\"elementor elementor-1604 elementor-41\" data-elementor-post-type=\"page\">\n\t\t\t\t<div class=\"elementor-element elementor-element-66b71c4 e-flex e-con-boxed e-con e-parent\" data-id=\"66b71c4\" data-element_type=\"container\" data-e-type=\"container\" data-settings=\"{&quot;background_background&quot;:&quot;classic&quot;}\">\n\t\t\t\t\t<div class=\"e-con-inner\">\n\t\t<div class=\"elementor-element elementor-element-1526537 e-flex e-con-boxed e-con e-child\" data-id=\"1526537\" data-element_type=\"container\" data-e-type=\"container\" data-settings=\"{&quot;background_background&quot;:&quot;classic&quot;}\">\n\t\t\t\t\t<div class=\"e-con-inner\">\n\t\t<div class=\"elementor-element elementor-element-1305a7d e-con-full e-flex e-con e-child\" data-id=\"1305a7d\" data-element_type=\"container\" data-e-type=\"container\">\n\t\t\t\t<div class=\"elementor-element elementor-element-03bc9e0 elementor-widget elementor-widget-heading\" data-id=\"03bc9e0\" data-element_type=\"widget\" data-e-type=\"widget\" data-widget_type=\"heading.default\">\n\t\t\t\t<div class=\"elementor-widget-container\">\n\t\t\t\t\t<h2 class=\"elementor-heading-title elementor-size-default\">Wie k\u00f6nnen wir Ihnen helfen?\n<\/h2>\t\t\t\t<\/div>\n\t\t\t\t<\/div>\n\t\t\t\t<div class=\"elementor-element elementor-element-d4c4178 elementor-widget__width-auto elementor-widget elementor-widget-text-editor\" data-id=\"d4c4178\" data-element_type=\"widget\" data-e-type=\"widget\" data-widget_type=\"text-editor.default\">\n\t\t\t\t<div class=\"elementor-widget-container\">\n\t\t\t\t\t\t\t\t\t<p>Haben Sie irgendwelche Fragen an Zelda People? Oder w\u00fcnschen Sie weitere Informationen? Dann f\u00fcllen Sie das Kontaktformular aus und wir werden uns bald bei Ihnen melden.<\/p>\n\t\t\t\t\t\t\t\t<\/div>\n\t\t\t\t<\/div>\n\t\t\t\t<\/div>\n\t\t<div class=\"elementor-element elementor-element-2320ade e-con-full elementor-hidden-mobile e-flex e-con e-child\" data-id=\"2320ade\" data-element_type=\"container\" data-e-type=\"container\">\n\t\t\t\t<\/div>\n\t\t\t\t\t<\/div>\n\t\t\t\t<\/div>\n\t\t<div class=\"elementor-element elementor-element-da6e158 e-flex e-con-boxed e-con e-child\" data-id=\"da6e158\" data-element_type=\"container\" data-e-type=\"container\" data-settings=\"{&quot;background_background&quot;:&quot;classic&quot;}\">\n\t\t\t\t\t<div class=\"e-con-inner\">\n\t\t<div class=\"elementor-element elementor-element-ac04c91 e-con-full e-flex e-con e-child\" data-id=\"ac04c91\" data-element_type=\"container\" data-e-type=\"container\">\n\t\t\t\t<div class=\"elementor-element elementor-element-c0605f6 elementor-button-align-end aw-contact-form elementor-widget elementor-widget-form\" data-id=\"c0605f6\" data-element_type=\"widget\" data-e-type=\"widget\" data-settings=\"{&quot;step_next_label&quot;:&quot;Weiter&quot;,&quot;step_previous_label&quot;:&quot;Vorherige&quot;,&quot;button_width&quot;:&quot;100&quot;,&quot;step_type&quot;:&quot;number_text&quot;,&quot;step_icon_shape&quot;:&quot;circle&quot;}\" data-widget_type=\"form.default\">\n\t\t\t\t<div class=\"elementor-widget-container\">\n\t\t\t\t\t\t\t<form class=\"elementor-form\" method=\"post\" name=\"Neue Form\" aria-label=\"Neue Form\">\n\t\t\t<input type=\"hidden\" name=\"post_id\" value=\"1604\"\/>\n\t\t\t<input type=\"hidden\" name=\"form_id\" value=\"c0605f6\"\/>\n\t\t\t<input type=\"hidden\" name=\"referer_title\" value=\"Zelda People\" \/>\n\n\t\t\t\n\t\t\t<div class=\"elementor-form-fields-wrapper elementor-labels-above\">\n\t\t\t\t\t\t\t\t<div class=\"elementor-field-type-text elementor-field-group elementor-column elementor-field-group-name elementor-col-100 elementor-field-required\">\n\t\t\t\t\t\t\t\t\t\t\t\t\t<input size=\"1\" type=\"text\" name=\"form_fields[name]\" id=\"form-field-name\" class=\"elementor-field elementor-size-sm  elementor-field-textual\" placeholder=\"Name\" required=\"required\">\n\t\t\t\t\t\t\t\t\t\t\t<\/div>\n\t\t\t\t\t\t\t\t<div class=\"elementor-field-type-email elementor-field-group elementor-column elementor-field-group-email elementor-col-100 elementor-field-required\">\n\t\t\t\t\t\t\t\t\t\t\t\t\t<input size=\"1\" type=\"email\" name=\"form_fields[email]\" id=\"form-field-email\" class=\"elementor-field elementor-size-sm  elementor-field-textual\" placeholder=\"E-Mail Adresse\" required=\"required\">\n\t\t\t\t\t\t\t\t\t\t\t<\/div>\n\t\t\t\t\t\t\t\t<div class=\"elementor-field-type-tel elementor-field-group elementor-column elementor-field-group-field_5d73c60 elementor-col-100 elementor-field-required\">\n\t\t\t\t\t\t\t<input size=\"1\" type=\"tel\" name=\"form_fields[field_5d73c60]\" id=\"form-field-field_5d73c60\" class=\"elementor-field elementor-size-sm  elementor-field-textual\" placeholder=\"Telefon\" required=\"required\" pattern=\"[0-9()#&amp;+*-=.]+\" title=\"Nur Nummern oder Telefon-Zeichen (#, -, *, etc) werden akzeptiert.\">\n\n\t\t\t\t\t\t<\/div>\n\t\t\t\t\t\t\t\t<div class=\"elementor-field-type-text elementor-field-group elementor-column elementor-field-group-field_e928337 elementor-col-100 elementor-field-required\">\n\t\t\t\t\t\t\t\t\t\t\t\t\t<input size=\"1\" type=\"text\" name=\"form_fields[field_e928337]\" id=\"form-field-field_e928337\" class=\"elementor-field elementor-size-sm  elementor-field-textual\" placeholder=\"Adresse\" required=\"required\">\n\t\t\t\t\t\t\t\t\t\t\t<\/div>\n\t\t\t\t\t\t\t\t<div class=\"elementor-field-type-text elementor-field-group elementor-column elementor-field-group-field_edae1eb elementor-col-100 elementor-field-required\">\n\t\t\t\t\t\t\t\t\t\t\t\t\t<input size=\"1\" type=\"text\" name=\"form_fields[field_edae1eb]\" id=\"form-field-field_edae1eb\" class=\"elementor-field elementor-size-sm  elementor-field-textual\" placeholder=\"Postleitzahl und Stadt\" required=\"required\">\n\t\t\t\t\t\t\t\t\t\t\t<\/div>\n\t\t\t\t\t\t\t\t<div class=\"elementor-field-type-textarea elementor-field-group elementor-column elementor-field-group-field_3d07787 elementor-col-100 elementor-field-required\">\n\t\t\t\t\t<textarea class=\"elementor-field-textual elementor-field  elementor-size-sm\" name=\"form_fields[field_3d07787]\" id=\"form-field-field_3d07787\" rows=\"8\" placeholder=\"Nachricht\" required=\"required\"><\/textarea>\t\t\t\t<\/div>\n\t\t\t\t\t\t\t\t<div class=\"elementor-field-group elementor-column elementor-field-type-submit elementor-col-100 e-form__buttons\">\n\t\t\t\t\t<button class=\"elementor-button elementor-size-xs\" type=\"submit\">\n\t\t\t\t\t\t<span class=\"elementor-button-content-wrapper\">\n\t\t\t\t\t\t\t\t\t\t\t\t\t\t\t\t\t\t\t\t\t\t<span class=\"elementor-button-text\">Senden Sie<\/span>\n\t\t\t\t\t\t\t\t\t\t\t\t\t<\/span>\n\t\t\t\t\t<\/button>\n\t\t\t\t<\/div>\n\t\t\t<\/div>\n\t\t<\/form>\n\t\t\t\t\t\t<\/div>\n\t\t\t\t<\/div>\n\t\t\t\t<\/div>\n\t\t<div class=\"elementor-element elementor-element-c3f0215 e-con-full e-flex e-con e-child\" data-id=\"c3f0215\" data-element_type=\"container\" data-e-type=\"container\">\n\t\t\t\t<div class=\"elementor-element elementor-element-6cf430d elementor-widget elementor-widget-image\" data-id=\"6cf430d\" data-element_type=\"widget\" data-e-type=\"widget\" data-widget_type=\"image.default\">\n\t\t\t\t<div class=\"elementor-widget-container\">\n\t\t\t\t\t\t\t\t\t\t\t\t\t\t\t<img fetchpriority=\"high\" decoding=\"async\" width=\"328\" height=\"220\" src=\"https:\/\/zeldapeople.com\/wp-content\/uploads\/2023\/10\/Group-1511.png\" class=\"attachment-large size-large wp-image-1401\" alt=\"\" srcset=\"https:\/\/zeldapeople.com\/wp-content\/uploads\/2023\/10\/Group-1511.png 328w, https:\/\/zeldapeople.com\/wp-content\/uploads\/2023\/10\/Group-1511-300x201.png 300w\" sizes=\"(max-width: 328px) 100vw, 328px\" \/>\t\t\t\t\t\t\t\t\t\t\t\t\t\t\t<\/div>\n\t\t\t\t<\/div>\n\t\t<div class=\"elementor-element elementor-element-4fa3211 e-flex e-con-boxed e-con e-child\" data-id=\"4fa3211\" data-element_type=\"container\" data-e-type=\"container\">\n\t\t\t\t\t<div class=\"e-con-inner\">\n\t\t\t\t<div class=\"elementor-element elementor-element-ad5f880 elementor-widget elementor-widget-heading\" data-id=\"ad5f880\" data-element_type=\"widget\" data-e-type=\"widget\" data-widget_type=\"heading.default\">\n\t\t\t\t<div class=\"elementor-widget-container\">\n\t\t\t\t\t<span class=\"elementor-heading-title elementor-size-default\">Bevorzugen Sie direkten Kontakt?<\/span>\t\t\t\t<\/div>\n\t\t\t\t<\/div>\n\t\t\t\t\t<\/div>\n\t\t\t\t<\/div>\n\t\t<div class=\"elementor-element elementor-element-c9e8fa2 e-flex e-con-boxed e-con e-child\" data-id=\"c9e8fa2\" data-element_type=\"container\" data-e-type=\"container\">\n\t\t\t\t\t<div class=\"e-con-inner\">\n\t\t\t\t<div class=\"elementor-element elementor-element-519cb1a elementor-icon-list--layout-traditional elementor-list-item-link-full_width elementor-widget elementor-widget-icon-list\" data-id=\"519cb1a\" data-element_type=\"widget\" data-e-type=\"widget\" data-widget_type=\"icon-list.default\">\n\t\t\t\t<div class=\"elementor-widget-container\">\n\t\t\t\t\t\t\t<ul class=\"elementor-icon-list-items\">\n\t\t\t\t\t\t\t<li class=\"elementor-icon-list-item\">\n\t\t\t\t\t\t\t\t\t\t\t<a href=\"tel:+31850084060\">\n\n\t\t\t\t\t\t\t\t\t\t\t\t<span class=\"elementor-icon-list-icon\">\n\t\t\t\t\t\t\t<svg xmlns=\"http:\/\/www.w3.org\/2000\/svg\" id=\"Laag_8\" viewBox=\"0 0 190.2 194.04\"><g style=\"isolation:isolate;\"><path d=\"m111.89,46.35h.02c19.8,0,35.92,16.11,35.92,35.94.03,1.44.62,2.77,1.65,3.76,1.01.97,2.32,1.49,3.71,1.49h.12c2.88-.06,5.19-2.37,5.25-5.28,0-25.72-20.93-46.66-46.68-46.66-1.43.03-2.77.62-3.76,1.65-.99,1.04-1.52,2.4-1.49,3.83.06,2.89,2.37,5.19,5.25,5.25\" style=\"fill:#cb9a3c; stroke-width:0px;\"><\/path><path d=\"m111.89,17.53h.04c17.29,0,33.54,6.74,45.77,18.96,12.22,12.23,18.96,28.48,18.96,45.8.06,2.88,2.37,5.19,5.25,5.25.04,0,.08,0,.12,0,1.39,0,2.7-.53,3.71-1.49,1.04-.99,1.62-2.33,1.65-3.8,0-41.62-33.86-75.46-75.5-75.46h-.01c-2.88.06-5.19,2.37-5.25,5.25-.06,2.96,2.29,5.42,5.25,5.49\" style=\"fill:#cb9a3c; stroke-width:0px;\"><\/path><path d=\"m44.97,85.09c3.63,15.64,11.61,29.83,23.07,41.04,11.22,11.48,25.42,19.46,41.06,23.09,5.89,1.31,11.93-.48,16.15-4.77l14.22-14.22c2.55-2.57,6.68-2.73,9.41-.35l25.39,21.97c.19.16.36.32.53.5,2.6,2.69,2.52,7-.19,9.61l-16.46,16.46c-2.61,2.72-6.11,4.37-9.89,4.65-4.15.37-8.33.35-12.44-.04-25.57-2.36-55.81-18.73-80.88-43.81C29.88,114.15,13.51,83.92,11.15,58.34c-.39-4.12-.41-8.31-.04-12.44.15-1.87.63-3.68,1.41-5.38.81-1.69,1.91-3.2,3.26-4.52l16.46-16.46c.17-.17.34-.34.53-.49,2.87-2.4,7.17-2.02,9.58.86l21.96,25.38c2.38,2.73,2.23,6.86-.35,9.41l-14.21,14.21c-4.31,4.23-6.09,10.27-4.78,16.17m137.36,59.63c-.34-.34-.69-.68-1.06-.99l-25.38-21.96c-6.96-6.02-17.51-5.65-24.02.86l-14.23,14.23c-1.6,1.69-4.02,2.4-6.29,1.86-13.61-3.19-25.95-10.17-35.72-20.2-10.01-9.75-16.98-22.09-20.17-35.7-.54-2.27.17-4.68,1.89-6.3l14.21-14.22c6.5-6.51,6.88-17.06.86-24.02l-21.96-25.37c-6.29-7.36-17.39-8.23-24.74-1.94-.37.32-.73.65-1.08,1L8.2,28.4C3.71,32.81.96,38.69.45,44.95c-.43,4.77-.41,9.61.04,14.38,2.63,28.44,19.71,60.33,46.87,87.49,27.16,27.16,59.06,44.25,87.5,46.87,2.46.23,4.94.35,7.42.35,2.33,0,4.65-.1,6.96-.31,6.27-.51,12.15-3.26,16.55-7.74l16.43-16.44c3.33-3.3,5.18-7.7,5.21-12.39.02-4.69-1.78-9.11-5.08-12.44\" style=\"fill:#cb9a3c; stroke-width:0px;\"><\/path><path d=\"m106.82,73.46h.22s.02,0,.02,0c8.07.01,14.64,6.58,14.64,14.66,0,2.96,2.41,5.37,5.37,5.37s5.37-2.41,5.37-5.37c0-6.78-2.64-13.16-7.43-17.96-4.8-4.79-11.17-7.44-17.93-7.44-1.45-.02-2.79.5-3.83,1.49-1.04.99-1.62,2.33-1.66,3.76-.03,1.43.5,2.79,1.49,3.83.99,1.04,2.33,1.62,3.75,1.65\" style=\"fill:#cb9a3c; stroke-width:0px;\"><\/path><\/g><\/svg>\t\t\t\t\t\t<\/span>\n\t\t\t\t\t\t\t\t\t\t<span class=\"elementor-icon-list-text\">+31 85 008 40 60<\/span>\n\t\t\t\t\t\t\t\t\t\t\t<\/a>\n\t\t\t\t\t\t\t\t\t<\/li>\n\t\t\t\t\t\t\t\t<li class=\"elementor-icon-list-item\">\n\t\t\t\t\t\t\t\t\t\t\t<a href=\"mailto:info@zeldapeople.com\">\n\n\t\t\t\t\t\t\t\t\t\t\t\t<span class=\"elementor-icon-list-icon\">\n\t\t\t\t\t\t\t<svg xmlns=\"http:\/\/www.w3.org\/2000\/svg\" id=\"Laag_7\" viewBox=\"0 0 191.92 195.18\"><g style=\"isolation:isolate;\"><path d=\"m18.93,54.84s41.35,36.48,61.98,54.69c8.16,7.2,20.41,7.2,28.57,0,20.63-18.2,61.98-54.69,61.98-54.69,1.79-1.58,1.95-4.31.38-6.1-1.58-1.79-4.31-1.95-6.1-.38,0,0-41.35,36.49-61.98,54.69-4.9,4.32-12.24,4.32-17.13,0L24.65,48.37c-1.79-1.57-4.52-1.41-6.1.38-1.57,1.79-1.41,4.52.38,6.1m162.63-3.46v95.22c0,7.15-5.8,12.95-12.95,12.95H21.79c-7.15,0-12.95-5.8-12.95-12.95V51.39c0-7.16,5.8-12.95,12.95-12.95h146.82c7.15,0,12.95,5.8,12.95,12.95m8.64,0c0-11.93-9.66-21.59-21.59-21.59H21.79C9.86,29.8.19,39.46.19,51.39v95.22c0,11.93,9.66,21.59,21.59,21.59h146.82c11.93,0,21.59-9.66,21.59-21.59V51.39Z\" style=\"fill:#cb9a3c; fill-rule:evenodd; stroke-width:0px;\"><\/path><\/g><\/svg>\t\t\t\t\t\t<\/span>\n\t\t\t\t\t\t\t\t\t\t<span class=\"elementor-icon-list-text\">info@zeldapeople.com<\/span>\n\t\t\t\t\t\t\t\t\t\t\t<\/a>\n\t\t\t\t\t\t\t\t\t<\/li>\n\t\t\t\t\t\t<\/ul>\n\t\t\t\t\t\t<\/div>\n\t\t\t\t<\/div>\n\t\t\t\t<div class=\"elementor-element elementor-element-ae6f309 elementor-widget elementor-widget-spacer\" data-id=\"ae6f309\" data-element_type=\"widget\" data-e-type=\"widget\" data-widget_type=\"spacer.default\">\n\t\t\t\t<div class=\"elementor-widget-container\">\n\t\t\t\t\t\t\t<div class=\"elementor-spacer\">\n\t\t\t<div class=\"elementor-spacer-inner\"><\/div>\n\t\t<\/div>\n\t\t\t\t\t\t<\/div>\n\t\t\t\t<\/div>\n\t\t\t\t<div class=\"elementor-element elementor-element-69a4a95 elementor-icon-list--layout-traditional elementor-list-item-link-full_width elementor-widget elementor-widget-icon-list\" data-id=\"69a4a95\" data-element_type=\"widget\" data-e-type=\"widget\" data-widget_type=\"icon-list.default\">\n\t\t\t\t<div class=\"elementor-widget-container\">\n\t\t\t\t\t\t\t<ul class=\"elementor-icon-list-items\">\n\t\t\t\t\t\t\t<li class=\"elementor-icon-list-item\">\n\t\t\t\t\t\t\t\t\t\t\t<a href=\"tel:+31850084060\">\n\n\t\t\t\t\t\t\t\t\t\t\t\t<span class=\"elementor-icon-list-icon\">\n\t\t\t\t\t\t\t<svg xmlns=\"http:\/\/www.w3.org\/2000\/svg\" xmlns:xlink=\"http:\/\/www.w3.org\/1999\/xlink\" width=\"18.16\" height=\"25\" viewBox=\"0 0 18.16 25\"><defs><clipPath id=\"clip-path\"><rect id=\"Rectangle_184\" data-name=\"Rectangle 184\" width=\"18.16\" height=\"25\" fill=\"#cb9a3d\"><\/rect><\/clipPath><\/defs><g id=\"Group_1132\" data-name=\"Group 1132\" clip-path=\"url(#clip-path)\"><path id=\"Path_1027\" data-name=\"Path 1027\" d=\"M18.16,9.08A9.08,9.08,0,1,0,0,9.08C0,13.326,6.36,21.527,8.109,23.7H5.032a.649.649,0,0,0-.649.649h0A.649.649,0,0,0,5.032,25h8.093a.649.649,0,0,0,.649-.649h0a.649.649,0,0,0-.649-.649H10.05C11.8,21.525,18.16,13.317,18.16,9.08M9.08,22.667C7.509,20.693,1.4,12.779,1.4,9.08a7.677,7.677,0,1,1,15.354,0c0,3.7-6.107,11.613-7.677,13.587\" transform=\"translate(0 0)\" fill=\"#cb9a3d\"><\/path><path id=\"Path_1028\" data-name=\"Path 1028\" d=\"M17.114,10.924a4.667,4.667,0,1,0,4.667,4.667,4.672,4.672,0,0,0-4.667-4.667m3.264,4.667a3.264,3.264,0,1,1-3.264-3.264,3.268,3.268,0,0,1,3.264,3.264\" transform=\"translate(-8.034 -7.051)\" fill=\"#cb9a3d\"><\/path><\/g><\/svg>\t\t\t\t\t\t<\/span>\n\t\t\t\t\t\t\t\t\t\t<span class=\"elementor-icon-list-text\">Hauptsitz<\/span>\n\t\t\t\t\t\t\t\t\t\t\t<\/a>\n\t\t\t\t\t\t\t\t\t<\/li>\n\t\t\t\t\t\t<\/ul>\n\t\t\t\t\t\t<\/div>\n\t\t\t\t<\/div>\n\t\t\t\t<div class=\"elementor-element elementor-element-4a8ef64 elementor-icon-list--layout-traditional elementor-list-item-link-full_width elementor-widget elementor-widget-icon-list\" data-id=\"4a8ef64\" data-element_type=\"widget\" data-e-type=\"widget\" data-widget_type=\"icon-list.default\">\n\t\t\t\t<div class=\"elementor-widget-container\">\n\t\t\t\t\t\t\t<ul class=\"elementor-icon-list-items\">\n\t\t\t\t\t\t\t<li class=\"elementor-icon-list-item\">\n\t\t\t\t\t\t\t\t\t\t\t<a href=\"tel:+31850084060\">\n\n\t\t\t\t\t\t\t\t\t\t\t<span class=\"elementor-icon-list-text\">Hoogstraat 5, 5462 CW Veghel<\/span>\n\t\t\t\t\t\t\t\t\t\t\t<\/a>\n\t\t\t\t\t\t\t\t\t<\/li>\n\t\t\t\t\t\t<\/ul>\n\t\t\t\t\t\t<\/div>\n\t\t\t\t<\/div>\n\t\t\t\t\t<\/div>\n\t\t\t\t<\/div>\n\t\t\t\t<\/div>\n\t\t\t\t\t<\/div>\n\t\t\t\t<\/div>\n\t\t\t\t\t<\/div>\n\t\t\t\t<\/div>\n\t\t\t\t<\/div>\n\t\t","protected":false},"excerpt":{"rendered":"<p>Wie k\u00f6nnen wir Ihnen helfen? Haben Sie irgendwelche Fragen an Zelda People? Oder w\u00fcnschen Sie weitere Informationen? Dann f\u00fcllen Sie das Kontaktformular aus und wir werden uns bald bei Ihnen melden. Bevorzugen Sie direkten Kontakt? +31 85 008 40 60 info@zeldapeople.com Hauptsitz Hoogstraat 5, 5462 CW Veghel<\/p>\n","protected":false},"author":2,"featured_media":0,"parent":0,"menu_order":0,"comment_status":"closed","ping_status":"closed","template":"","meta":{"_acf_changed":false,"footnotes":""},"class_list":["post-1604","page","type-page","status-publish","hentry"],"acf":[],"yoast_head":"<!-- This site is optimized with the Yoast SEO plugin v27.3 - https:\/\/yoast.com\/product\/yoast-seo-wordpress\/ -->\n<title>Kontakt - Zelda People<\/title>\n<meta name=\"robots\" content=\"index, follow, max-snippet:-1, max-image-preview:large, max-video-preview:-1\" \/>\n<link rel=\"canonical\" href=\"https:\/\/zeldapeople.com\/contact\/\" \/>\n<meta property=\"og:locale\" content=\"de_DE\" \/>\n<meta property=\"og:type\" content=\"article\" \/>\n<meta property=\"og:title\" content=\"Kontakt - Zelda People\" \/>\n<meta property=\"og:description\" content=\"Wie k\u00f6nnen wir Ihnen helfen? Haben Sie irgendwelche Fragen an Zelda People? Oder w\u00fcnschen Sie weitere Informationen? Dann f\u00fcllen Sie das Kontaktformular aus und wir werden uns bald bei Ihnen melden. Bevorzugen Sie direkten Kontakt? +31 85 008 40 60 info@zeldapeople.com Hauptsitz Hoogstraat 5, 5462 CW Veghel\" \/>\n<meta property=\"og:url\" content=\"https:\/\/zeldapeople.com\/contact\/\" \/>\n<meta property=\"og:site_name\" content=\"Zelda People\" \/>\n<meta property=\"article:modified_time\" content=\"2023-11-08T08:14:08+00:00\" \/>\n<meta property=\"og:image\" content=\"https:\/\/zeldapeople.com\/wp-content\/uploads\/2023\/10\/Group-1511.png\" \/>\n<meta name=\"twitter:card\" content=\"summary_large_image\" \/>\n<script type=\"application\/ld+json\" class=\"yoast-schema-graph\">{\"@context\":\"https:\\\/\\\/schema.org\",\"@graph\":[{\"@type\":\"WebPage\",\"@id\":\"https:\\\/\\\/zeldapeople.com\\\/contact\\\/\",\"url\":\"https:\\\/\\\/zeldapeople.com\\\/contact\\\/\",\"name\":\"Kontakt - Zelda People\",\"isPartOf\":{\"@id\":\"https:\\\/\\\/zeldapeople.com\\\/#website\"},\"primaryImageOfPage\":{\"@id\":\"https:\\\/\\\/zeldapeople.com\\\/contact\\\/#primaryimage\"},\"image\":{\"@id\":\"https:\\\/\\\/zeldapeople.com\\\/contact\\\/#primaryimage\"},\"thumbnailUrl\":\"https:\\\/\\\/zeldapeople.com\\\/wp-content\\\/uploads\\\/2023\\\/10\\\/Group-1511.png\",\"datePublished\":\"2023-10-12T12:48:55+00:00\",\"dateModified\":\"2023-11-08T08:14:08+00:00\",\"breadcrumb\":{\"@id\":\"https:\\\/\\\/zeldapeople.com\\\/contact\\\/#breadcrumb\"},\"inLanguage\":\"de\",\"potentialAction\":[{\"@type\":\"ReadAction\",\"target\":[\"https:\\\/\\\/zeldapeople.com\\\/contact\\\/\"]}]},{\"@type\":\"ImageObject\",\"inLanguage\":\"de\",\"@id\":\"https:\\\/\\\/zeldapeople.com\\\/contact\\\/#primaryimage\",\"url\":\"https:\\\/\\\/zeldapeople.com\\\/wp-content\\\/uploads\\\/2023\\\/10\\\/Group-1511.png\",\"contentUrl\":\"https:\\\/\\\/zeldapeople.com\\\/wp-content\\\/uploads\\\/2023\\\/10\\\/Group-1511.png\"},{\"@type\":\"BreadcrumbList\",\"@id\":\"https:\\\/\\\/zeldapeople.com\\\/contact\\\/#breadcrumb\",\"itemListElement\":[{\"@type\":\"ListItem\",\"position\":1,\"name\":\"Home\",\"item\":\"https:\\\/\\\/zeldapeople.com\\\/\"},{\"@type\":\"ListItem\",\"position\":2,\"name\":\"Kontakt\"}]},{\"@type\":\"WebSite\",\"@id\":\"https:\\\/\\\/zeldapeople.com\\\/#website\",\"url\":\"https:\\\/\\\/zeldapeople.com\\\/\",\"name\":\"Zelda People\",\"description\":\"\",\"potentialAction\":[{\"@type\":\"SearchAction\",\"target\":{\"@type\":\"EntryPoint\",\"urlTemplate\":\"https:\\\/\\\/zeldapeople.com\\\/?s={search_term_string}\"},\"query-input\":{\"@type\":\"PropertyValueSpecification\",\"valueRequired\":true,\"valueName\":\"search_term_string\"}}],\"inLanguage\":\"de\"}]}<\/script>\n<!-- \/ Yoast SEO plugin. -->","yoast_head_json":{"title":"Kontakt - Zelda People","robots":{"index":"index","follow":"follow","max-snippet":"max-snippet:-1","max-image-preview":"max-image-preview:large","max-video-preview":"max-video-preview:-1"},"canonical":"https:\/\/zeldapeople.com\/contact\/","og_locale":"de_DE","og_type":"article","og_title":"Kontakt - Zelda People","og_description":"Wie k\u00f6nnen wir Ihnen helfen? Haben Sie irgendwelche Fragen an Zelda People? Oder w\u00fcnschen Sie weitere Informationen? Dann f\u00fcllen Sie das Kontaktformular aus und wir werden uns bald bei Ihnen melden. Bevorzugen Sie direkten Kontakt? +31 85 008 40 60 info@zeldapeople.com Hauptsitz Hoogstraat 5, 5462 CW Veghel","og_url":"https:\/\/zeldapeople.com\/contact\/","og_site_name":"Zelda People","article_modified_time":"2023-11-08T08:14:08+00:00","og_image":[{"url":"https:\/\/zeldapeople.com\/wp-content\/uploads\/2023\/10\/Group-1511.png","type":"","width":"","height":""}],"twitter_card":"summary_large_image","schema":{"@context":"https:\/\/schema.org","@graph":[{"@type":"WebPage","@id":"https:\/\/zeldapeople.com\/contact\/","url":"https:\/\/zeldapeople.com\/contact\/","name":"Kontakt - Zelda People","isPartOf":{"@id":"https:\/\/zeldapeople.com\/#website"},"primaryImageOfPage":{"@id":"https:\/\/zeldapeople.com\/contact\/#primaryimage"},"image":{"@id":"https:\/\/zeldapeople.com\/contact\/#primaryimage"},"thumbnailUrl":"https:\/\/zeldapeople.com\/wp-content\/uploads\/2023\/10\/Group-1511.png","datePublished":"2023-10-12T12:48:55+00:00","dateModified":"2023-11-08T08:14:08+00:00","breadcrumb":{"@id":"https:\/\/zeldapeople.com\/contact\/#breadcrumb"},"inLanguage":"de","potentialAction":[{"@type":"ReadAction","target":["https:\/\/zeldapeople.com\/contact\/"]}]},{"@type":"ImageObject","inLanguage":"de","@id":"https:\/\/zeldapeople.com\/contact\/#primaryimage","url":"https:\/\/zeldapeople.com\/wp-content\/uploads\/2023\/10\/Group-1511.png","contentUrl":"https:\/\/zeldapeople.com\/wp-content\/uploads\/2023\/10\/Group-1511.png"},{"@type":"BreadcrumbList","@id":"https:\/\/zeldapeople.com\/contact\/#breadcrumb","itemListElement":[{"@type":"ListItem","position":1,"name":"Home","item":"https:\/\/zeldapeople.com\/"},{"@type":"ListItem","position":2,"name":"Kontakt"}]},{"@type":"WebSite","@id":"https:\/\/zeldapeople.com\/#website","url":"https:\/\/zeldapeople.com\/","name":"Zelda People","description":"","potentialAction":[{"@type":"SearchAction","target":{"@type":"EntryPoint","urlTemplate":"https:\/\/zeldapeople.com\/?s={search_term_string}"},"query-input":{"@type":"PropertyValueSpecification","valueRequired":true,"valueName":"search_term_string"}}],"inLanguage":"de"}]}},"_links":{"self":[{"href":"https:\/\/zeldapeople.com\/de\/wp-json\/wp\/v2\/pages\/1604","targetHints":{"allow":["GET"]}}],"collection":[{"href":"https:\/\/zeldapeople.com\/de\/wp-json\/wp\/v2\/pages"}],"about":[{"href":"https:\/\/zeldapeople.com\/de\/wp-json\/wp\/v2\/types\/page"}],"author":[{"embeddable":true,"href":"https:\/\/zeldapeople.com\/de\/wp-json\/wp\/v2\/users\/2"}],"replies":[{"embeddable":true,"href":"https:\/\/zeldapeople.com\/de\/wp-json\/wp\/v2\/comments?post=1604"}],"version-history":[{"count":2,"href":"https:\/\/zeldapeople.com\/de\/wp-json\/wp\/v2\/pages\/1604\/revisions"}],"predecessor-version":[{"id":1615,"href":"https:\/\/zeldapeople.com\/de\/wp-json\/wp\/v2\/pages\/1604\/revisions\/1615"}],"wp:attachment":[{"href":"https:\/\/zeldapeople.com\/de\/wp-json\/wp\/v2\/media?parent=1604"}],"curies":[{"name":"wp","href":"https:\/\/api.w.org\/{rel}","templated":true}]}}