{"id":1706,"date":"2023-10-26T16:29:01","date_gmt":"2023-10-26T14:29:01","guid":{"rendered":"https:\/\/zeldapeople.com\/erklaerung-zum-datenschutz\/"},"modified":"2025-04-09T15:39:29","modified_gmt":"2025-04-09T13:39:29","slug":"erklaerung-zum-datenschutz","status":"publish","type":"page","link":"https:\/\/zeldapeople.com\/de\/erklaerung-zum-datenschutz\/","title":{"rendered":"Erkl\u00e4rung zum Datenschutz"},"content":{"rendered":"\t\t<div data-elementor-type=\"wp-page\" data-elementor-id=\"1706\" class=\"elementor elementor-1706 elementor-739\" data-elementor-post-type=\"page\">\n\t\t\t\t<div class=\"elementor-element elementor-element-f38f321 e-flex e-con-boxed e-con e-parent\" data-id=\"f38f321\" data-element_type=\"container\" data-e-type=\"container\">\n\t\t\t\t\t<div class=\"e-con-inner\">\n\t\t<div class=\"elementor-element elementor-element-3d5ac83 e-flex e-con-boxed e-con e-child\" data-id=\"3d5ac83\" data-element_type=\"container\" data-e-type=\"container\">\n\t\t\t\t\t<div class=\"e-con-inner\">\n\t\t\t\t<div class=\"elementor-element elementor-element-18bbe5e elementor-widget elementor-widget-heading\" data-id=\"18bbe5e\" data-element_type=\"widget\" data-e-type=\"widget\" data-widget_type=\"heading.default\">\n\t\t\t\t<div class=\"elementor-widget-container\">\n\t\t\t\t\t<h4 class=\"elementor-heading-title elementor-size-default\"><span style=\"font-weight:300\">Datenschutzerkl\u00e4rung<\/span> Zelda\nMenschen<\/h4>\t\t\t\t<\/div>\n\t\t\t\t<\/div>\n\t\t\t\t\t<\/div>\n\t\t\t\t<\/div>\n\t\t\t\t\t<\/div>\n\t\t\t\t<\/div>\n\t\t<div class=\"elementor-element elementor-element-9315d0a e-flex e-con-boxed e-con e-parent\" data-id=\"9315d0a\" data-element_type=\"container\" data-e-type=\"container\">\n\t\t\t\t\t<div class=\"e-con-inner\">\n\t\t\t\t<div class=\"elementor-element elementor-element-672beea elementor-widget elementor-widget-text-editor\" data-id=\"672beea\" data-element_type=\"widget\" data-e-type=\"widget\" data-widget_type=\"text-editor.default\">\n\t\t\t\t<div class=\"elementor-widget-container\">\n\t\t\t\t\t\t\t\t\t<p>Zelda People I B.V. respektiert die Privatsph\u00e4re seiner Mitarbeiter, insbesondere deren Rechte in Bezug auf die automatische Verarbeitung von personenbezogenen Daten. Wir haben daher eine Politik der vollst\u00e4ndigen Transparenz gegen\u00fcber unseren Kunden in Bezug auf die Verarbeitung personenbezogener Daten, deren Zweck(e) und die M\u00f6glichkeiten zur bestm\u00f6glichen Aus\u00fcbung Ihrer gesetzlichen Rechte formuliert und umgesetzt.<\/p>\n<p>Wenn Sie weitere Informationen \u00fcber den Schutz personenbezogener Daten w\u00fcnschen, besuchen Sie bitte die Website der niederl\u00e4ndischen Datenschutzbeh\u00f6rde (Autoriteit Persoonsgegevens).<\/p>\n<p>Artikel 1 &#8211; Rechtliche Definition<\/p>\n<p>Die f\u00fcr die Verarbeitung personenbezogener Daten verantwortliche Stelle (im Folgenden: &#8222;der f\u00fcr die Verarbeitung Verantwortliche&#8220; oder &#8222;die f\u00fcr die Verarbeitung Verantwortlichen&#8220;):<br \/>Zelda People I B.V., mit Sitz in Hoogstraat 5, 5462 CW Veghel, Niederlande, Handelskammernummer: 52461653;<br \/>Zelda People II B.V., mit Sitz in Kleefseweg 85B, 6599 AB Ven-Zelderheide, Niederlande, Handelskammernummer: 12046248;<br \/>Zelda People III B.V., mit Sitz in Hoogstraat 5, 5462 CW Veghel, Niederlande, Handelskammernummer: 75671948;<br \/>Zelda People IV B.V., mit Sitz in Hoogstraat 5, 5462 CW Veghel, Niederlande, Handelskammernummer: 83365788;<br \/>Zelda People V B.V., mit Sitz in Hoogstraat 5, 5462 CW Veghel, Niederlande, Handelskammernummer: 88315622;<\/p>\n<p>Artikel 2 &#8211; Die Verarbeitung von personenbezogenen Daten<br \/>Personenbezogene Daten sind alle Informationen, die sich auf eine bestimmte oder bestimmbare nat\u00fcrliche Person (&#8222;betroffene Person&#8220;) beziehen.<br \/>Als identifizierbar wird eine nat\u00fcrliche Person angesehen, die direkt oder indirekt identifiziert werden kann, insbesondere durch Zuordnung zu einer Kennung wie einem Namen, zu einer Kennnummer, zu Standortdaten, zu einer Online-Kennung oder zu einem oder mehreren besonderen Merkmalen, die Ausdruck der physischen, physiologischen, genetischen, psychischen, wirtschaftlichen, kulturellen oder sozialen Identit\u00e4t dieser nat\u00fcrlichen Person sind.<br \/>Wir verarbeiten die folgenden Kategorien personenbezogener Daten von Ihnen:<br \/>&#8211; Name<br \/>&#8211; Geschlecht<br \/>&#8211; Anschrift<br \/>&#8211; E-Mail Adresse(n)<br \/>&#8211; Rufnummer<br \/>&#8211; Bankverbindung(en)<br \/>&#8211; Sozialversicherungsnummer (BSN)<br \/>&#8211; Geburtsdatum<br \/>&#8211; Geburtsort<br \/>&#8211; Ergebnisse der Tests<br \/>&#8211; Angaben zu Ihrem Arbeitsplatz und Ihren Aufgaben, einschlie\u00dflich der Verg\u00fctung.<br \/>&#8211; Bildung (Niveau)<\/p>\n<p>Artikel 3 &#8211; Zweck der Verarbeitung<\/p>\n<p>Wir sammeln Ihre pers\u00f6nlichen Daten nicht ohne Grund. Ihre personenbezogenen Daten werden f\u00fcr folgende Zwecke verarbeitet:<br \/>unsere Mitarbeiter Verwaltung<\/p>\n<p>Artikel 4 &#8211; Registrierung von personenbezogenen Daten<\/p>\n<p>Ihre pers\u00f6nlichen Daten werden in einem (elektronischen) Register gespeichert.<\/p>\n<p>Artikel 5 &#8211; Ihre Rechte in Bezug auf Informationen<br \/>Gem\u00e4\u00df Artikel 13 Absatz 2 Buchstabe b DSGVO hat jede betroffene Person das Recht auf Information und Zugang, Berichtigung, L\u00f6schung und Einschr\u00e4nkung der Verarbeitung ihrer personenbezogenen Daten sowie das Recht, der Verarbeitung zu widersprechen und das Recht auf Daten\u00fcbertragbarkeit.<br \/>Sie k\u00f6nnen diese Rechte aus\u00fcben, indem Sie uns unter info@zeldapeople.com kontaktieren.<br \/>Innerhalb eines Monats nach Einreichung des Antrags erhalten Sie von uns eine Antwort.<br \/>Je nach Komplexit\u00e4t und Anzahl der Antr\u00e4ge kann diese Frist auf zwei Monate verl\u00e4ngert werden.<\/p>\n<p>Artikel 6 &#8211; Rechtliche Verpflichtungen<\/p>\n<p>Im Falle eines Versto\u00dfes gegen ein Gesetz oder eine Verordnung, dessen ein Besucher verd\u00e4chtigt wird und f\u00fcr den die Beh\u00f6rden die vom f\u00fcr die Verarbeitung Verantwortlichen gesammelten personenbezogenen Daten ben\u00f6tigen, werden diese nach einer ausdr\u00fccklichen und begr\u00fcndeten Aufforderung dieser Beh\u00f6rden zur Verf\u00fcgung gestellt, wonach diese personenbezogenen Daten nicht mehr unter den Schutz der Bestimmungen dieser Datenschutzerkl\u00e4rung fallen.<\/p>\n<p>Artikel 7 &#8211; Kommerzielle Angebote<br \/>Sie k\u00f6nnen von dem f\u00fcr die Verarbeitung Verantwortlichen kommerzielle Angebote erhalten. Wenn Sie diese nicht (mehr) erhalten m\u00f6chten, senden Sie uns bitte eine E-Mail an die folgende Adresse: info@zeldapeople.com.<br \/>Ihre pers\u00f6nlichen Daten k\u00f6nnen von unseren Partnern zu kommerziellen Zwecken verwendet werden. Wenn Sie dies nicht w\u00fcnschen, senden Sie uns bitte eine E-Mail an die folgende Adresse: info@zeldapeople.com.<\/p>\n<p>Artikel 8 &#8211; Aufbewahrung von Daten<\/p>\n<p>Die erhobenen Daten werden f\u00fcr die gesetzlich festgelegte Dauer verwendet und aufbewahrt.<\/p>\n<p>Artikel 9 &#8211; Anwendbares Recht<\/p>\n<p>Diese Bedingungen unterliegen dem niederl\u00e4ndischen Recht. Das Gericht des Bezirks, in dem der f\u00fcr die Verarbeitung Verantwortliche seinen Sitz hat, ist allein zust\u00e4ndig, wenn es zu Streitigkeiten \u00fcber diese Bedingungen kommt, es sei denn, es liegt eine gesetzliche Ausnahme vor.<\/p>\n<p>Artikel 10 &#8211; Kontakt<\/p>\n<p>F\u00fcr Anfragen, Fragen, Produktinformationen oder weitere Informationen wenden Sie sich bitte an: info@zeldapeople.com.<\/p>\n<p>Diese Datenschutzerkl\u00e4rung gilt seit dem 01. Oktober 2023 bis auf weiteres<\/p>\n\t\t\t\t\t\t\t\t<\/div>\n\t\t\t\t<\/div>\n\t\t\t\t\t<\/div>\n\t\t\t\t<\/div>\n\t\t\t\t<\/div>\n\t\t","protected":false},"excerpt":{"rendered":"<p>Datenschutzerkl\u00e4rung Zelda Menschen Zelda People I B.V. respektiert die Privatsph\u00e4re seiner Mitarbeiter, insbesondere deren Rechte in Bezug auf die automatische Verarbeitung von personenbezogenen Daten. Wir haben daher eine Politik der vollst\u00e4ndigen Transparenz gegen\u00fcber unseren Kunden in Bezug auf die Verarbeitung personenbezogener Daten, deren Zweck(e) und die M\u00f6glichkeiten zur bestm\u00f6glichen Aus\u00fcbung Ihrer gesetzlichen Rechte formuliert und [&hellip;]<\/p>\n","protected":false},"author":2,"featured_media":0,"parent":0,"menu_order":0,"comment_status":"closed","ping_status":"closed","template":"","meta":{"_acf_changed":false,"footnotes":""},"class_list":["post-1706","page","type-page","status-publish","hentry"],"acf":[],"yoast_head":"<!-- This site is optimized with the Yoast SEO plugin v27.3 - https:\/\/yoast.com\/product\/yoast-seo-wordpress\/ -->\n<title>Erkl\u00e4rung zum Datenschutz - Zelda People<\/title>\n<meta name=\"robots\" content=\"index, follow, max-snippet:-1, max-image-preview:large, max-video-preview:-1\" \/>\n<link rel=\"canonical\" href=\"https:\/\/zeldapeople.com\/de\/erklaerung-zum-datenschutz\/\" \/>\n<meta property=\"og:locale\" content=\"de_DE\" \/>\n<meta property=\"og:type\" content=\"article\" \/>\n<meta property=\"og:title\" content=\"Erkl\u00e4rung zum Datenschutz - Zelda People\" \/>\n<meta property=\"og:description\" content=\"Datenschutzerkl\u00e4rung Zelda Menschen Zelda People I B.V. respektiert die Privatsph\u00e4re seiner Mitarbeiter, insbesondere deren Rechte in Bezug auf die automatische Verarbeitung von personenbezogenen Daten. Wir haben daher eine Politik der vollst\u00e4ndigen Transparenz gegen\u00fcber unseren Kunden in Bezug auf die Verarbeitung personenbezogener Daten, deren Zweck(e) und die M\u00f6glichkeiten zur bestm\u00f6glichen Aus\u00fcbung Ihrer gesetzlichen Rechte formuliert und [&hellip;]\" \/>\n<meta property=\"og:url\" content=\"https:\/\/zeldapeople.com\/de\/erklaerung-zum-datenschutz\/\" \/>\n<meta property=\"og:site_name\" content=\"Zelda People\" \/>\n<meta property=\"article:modified_time\" content=\"2025-04-09T13:39:29+00:00\" \/>\n<meta name=\"twitter:card\" content=\"summary_large_image\" \/>\n<meta name=\"twitter:label1\" content=\"Gesch\u00e4tzte Lesezeit\" \/>\n\t<meta name=\"twitter:data1\" content=\"3\u00a0Minuten\" \/>\n<script type=\"application\/ld+json\" class=\"yoast-schema-graph\">{\"@context\":\"https:\\\/\\\/schema.org\",\"@graph\":[{\"@type\":\"WebPage\",\"@id\":\"https:\\\/\\\/zeldapeople.com\\\/de\\\/erklaerung-zum-datenschutz\\\/\",\"url\":\"https:\\\/\\\/zeldapeople.com\\\/de\\\/erklaerung-zum-datenschutz\\\/\",\"name\":\"Erkl\u00e4rung zum Datenschutz - Zelda People\",\"isPartOf\":{\"@id\":\"https:\\\/\\\/zeldapeople.com\\\/#website\"},\"datePublished\":\"2023-10-26T14:29:01+00:00\",\"dateModified\":\"2025-04-09T13:39:29+00:00\",\"breadcrumb\":{\"@id\":\"https:\\\/\\\/zeldapeople.com\\\/de\\\/erklaerung-zum-datenschutz\\\/#breadcrumb\"},\"inLanguage\":\"de\",\"potentialAction\":[{\"@type\":\"ReadAction\",\"target\":[\"https:\\\/\\\/zeldapeople.com\\\/de\\\/erklaerung-zum-datenschutz\\\/\"]}]},{\"@type\":\"BreadcrumbList\",\"@id\":\"https:\\\/\\\/zeldapeople.com\\\/de\\\/erklaerung-zum-datenschutz\\\/#breadcrumb\",\"itemListElement\":[{\"@type\":\"ListItem\",\"position\":1,\"name\":\"Home\",\"item\":\"https:\\\/\\\/zeldapeople.com\\\/\"},{\"@type\":\"ListItem\",\"position\":2,\"name\":\"Erkl\u00e4rung zum Datenschutz\"}]},{\"@type\":\"WebSite\",\"@id\":\"https:\\\/\\\/zeldapeople.com\\\/#website\",\"url\":\"https:\\\/\\\/zeldapeople.com\\\/\",\"name\":\"Zelda People\",\"description\":\"\",\"potentialAction\":[{\"@type\":\"SearchAction\",\"target\":{\"@type\":\"EntryPoint\",\"urlTemplate\":\"https:\\\/\\\/zeldapeople.com\\\/?s={search_term_string}\"},\"query-input\":{\"@type\":\"PropertyValueSpecification\",\"valueRequired\":true,\"valueName\":\"search_term_string\"}}],\"inLanguage\":\"de\"}]}<\/script>\n<!-- \/ Yoast SEO plugin. -->","yoast_head_json":{"title":"Erkl\u00e4rung zum Datenschutz - Zelda People","robots":{"index":"index","follow":"follow","max-snippet":"max-snippet:-1","max-image-preview":"max-image-preview:large","max-video-preview":"max-video-preview:-1"},"canonical":"https:\/\/zeldapeople.com\/de\/erklaerung-zum-datenschutz\/","og_locale":"de_DE","og_type":"article","og_title":"Erkl\u00e4rung zum Datenschutz - Zelda People","og_description":"Datenschutzerkl\u00e4rung Zelda Menschen Zelda People I B.V. respektiert die Privatsph\u00e4re seiner Mitarbeiter, insbesondere deren Rechte in Bezug auf die automatische Verarbeitung von personenbezogenen Daten. Wir haben daher eine Politik der vollst\u00e4ndigen Transparenz gegen\u00fcber unseren Kunden in Bezug auf die Verarbeitung personenbezogener Daten, deren Zweck(e) und die M\u00f6glichkeiten zur bestm\u00f6glichen Aus\u00fcbung Ihrer gesetzlichen Rechte formuliert und [&hellip;]","og_url":"https:\/\/zeldapeople.com\/de\/erklaerung-zum-datenschutz\/","og_site_name":"Zelda People","article_modified_time":"2025-04-09T13:39:29+00:00","twitter_card":"summary_large_image","twitter_misc":{"Gesch\u00e4tzte Lesezeit":"3\u00a0Minuten"},"schema":{"@context":"https:\/\/schema.org","@graph":[{"@type":"WebPage","@id":"https:\/\/zeldapeople.com\/de\/erklaerung-zum-datenschutz\/","url":"https:\/\/zeldapeople.com\/de\/erklaerung-zum-datenschutz\/","name":"Erkl\u00e4rung zum Datenschutz - Zelda People","isPartOf":{"@id":"https:\/\/zeldapeople.com\/#website"},"datePublished":"2023-10-26T14:29:01+00:00","dateModified":"2025-04-09T13:39:29+00:00","breadcrumb":{"@id":"https:\/\/zeldapeople.com\/de\/erklaerung-zum-datenschutz\/#breadcrumb"},"inLanguage":"de","potentialAction":[{"@type":"ReadAction","target":["https:\/\/zeldapeople.com\/de\/erklaerung-zum-datenschutz\/"]}]},{"@type":"BreadcrumbList","@id":"https:\/\/zeldapeople.com\/de\/erklaerung-zum-datenschutz\/#breadcrumb","itemListElement":[{"@type":"ListItem","position":1,"name":"Home","item":"https:\/\/zeldapeople.com\/"},{"@type":"ListItem","position":2,"name":"Erkl\u00e4rung zum Datenschutz"}]},{"@type":"WebSite","@id":"https:\/\/zeldapeople.com\/#website","url":"https:\/\/zeldapeople.com\/","name":"Zelda People","description":"","potentialAction":[{"@type":"SearchAction","target":{"@type":"EntryPoint","urlTemplate":"https:\/\/zeldapeople.com\/?s={search_term_string}"},"query-input":{"@type":"PropertyValueSpecification","valueRequired":true,"valueName":"search_term_string"}}],"inLanguage":"de"}]}},"_links":{"self":[{"href":"https:\/\/zeldapeople.com\/de\/wp-json\/wp\/v2\/pages\/1706","targetHints":{"allow":["GET"]}}],"collection":[{"href":"https:\/\/zeldapeople.com\/de\/wp-json\/wp\/v2\/pages"}],"about":[{"href":"https:\/\/zeldapeople.com\/de\/wp-json\/wp\/v2\/types\/page"}],"author":[{"embeddable":true,"href":"https:\/\/zeldapeople.com\/de\/wp-json\/wp\/v2\/users\/2"}],"replies":[{"embeddable":true,"href":"https:\/\/zeldapeople.com\/de\/wp-json\/wp\/v2\/comments?post=1706"}],"version-history":[{"count":4,"href":"https:\/\/zeldapeople.com\/de\/wp-json\/wp\/v2\/pages\/1706\/revisions"}],"predecessor-version":[{"id":4121,"href":"https:\/\/zeldapeople.com\/de\/wp-json\/wp\/v2\/pages\/1706\/revisions\/4121"}],"wp:attachment":[{"href":"https:\/\/zeldapeople.com\/de\/wp-json\/wp\/v2\/media?parent=1706"}],"curies":[{"name":"wp","href":"https:\/\/api.w.org\/{rel}","templated":true}]}}