{"id":1665,"date":"2023-10-20T12:02:14","date_gmt":"2023-10-20T10:02:14","guid":{"rendered":"https:\/\/zeldapeople.com\/suscribase-directamente\/"},"modified":"2025-04-09T15:41:18","modified_gmt":"2025-04-09T13:41:18","slug":"suscribase-directamente","status":"publish","type":"page","link":"https:\/\/zeldapeople.com\/es\/suscribase-directamente\/","title":{"rendered":"Suscr\u00edbase directamente"},"content":{"rendered":"\t\t<div data-elementor-type=\"wp-page\" data-elementor-id=\"1665\" class=\"elementor elementor-1665 elementor-513\" data-elementor-post-type=\"page\">\n\t\t\t\t<div class=\"elementor-element elementor-element-66b71c4 e-flex e-con-boxed e-con e-parent\" data-id=\"66b71c4\" data-element_type=\"container\" data-e-type=\"container\" data-settings=\"{&quot;background_background&quot;:&quot;classic&quot;}\">\n\t\t\t\t\t<div class=\"e-con-inner\">\n\t\t<div class=\"elementor-element elementor-element-1526537 e-flex e-con-boxed e-con e-child\" data-id=\"1526537\" data-element_type=\"container\" data-e-type=\"container\" data-settings=\"{&quot;background_background&quot;:&quot;classic&quot;}\">\n\t\t\t\t\t<div class=\"e-con-inner\">\n\t\t<div class=\"elementor-element elementor-element-1305a7d e-con-full e-flex e-con e-child\" data-id=\"1305a7d\" data-element_type=\"container\" data-e-type=\"container\">\n\t\t\t\t<div class=\"elementor-element elementor-element-03bc9e0 elementor-widget__width-initial elementor-widget-mobile__width-inherit elementor-widget elementor-widget-heading\" data-id=\"03bc9e0\" data-element_type=\"widget\" data-e-type=\"widget\" data-widget_type=\"heading.default\">\n\t\t\t\t<div class=\"elementor-widget-container\">\n\t\t\t\t\t<h2 class=\"elementor-heading-title elementor-size-default\">\u00a1Entra a formar parte del equipo de\nthe Zelda People hoy mismo!<\/h2>\t\t\t\t<\/div>\n\t\t\t\t<\/div>\n\t\t\t\t<div class=\"elementor-element elementor-element-d4c4178 elementor-widget__width-auto elementor-widget elementor-widget-text-editor\" data-id=\"d4c4178\" data-element_type=\"widget\" data-e-type=\"widget\" data-widget_type=\"text-editor.default\">\n\t\t\t\t<div class=\"elementor-widget-container\">\n\t\t\t\t\t\t\t\t\t<p>P\u00f3ngase a trabajar r\u00e1pidamente para uno de nuestros clientes. Rellene el formulario adjunto y nos pondremos en contacto con usted inmediatamente.<\/p>\n\t\t\t\t\t\t\t\t<\/div>\n\t\t\t\t<\/div>\n\t\t\t\t<\/div>\n\t\t<div class=\"elementor-element elementor-element-2320ade e-con-full elementor-hidden-mobile e-flex e-con e-child\" data-id=\"2320ade\" data-element_type=\"container\" data-e-type=\"container\">\n\t\t\t\t<\/div>\n\t\t\t\t\t<\/div>\n\t\t\t\t<\/div>\n\t\t<div class=\"elementor-element elementor-element-da6e158 e-flex e-con-boxed e-con e-child\" data-id=\"da6e158\" data-element_type=\"container\" data-e-type=\"container\" data-settings=\"{&quot;background_background&quot;:&quot;classic&quot;}\">\n\t\t\t\t\t<div class=\"e-con-inner\">\n\t\t<div class=\"elementor-element elementor-element-ac04c91 e-con-full e-flex e-con e-child\" data-id=\"ac04c91\" data-element_type=\"container\" data-e-type=\"container\">\n\t\t\t\t<div class=\"elementor-element elementor-element-c0605f6 elementor-button-align-end aw-contact-form elementor-widget elementor-widget-form\" data-id=\"c0605f6\" data-element_type=\"widget\" data-e-type=\"widget\" data-settings=\"{&quot;step_next_label&quot;:&quot;Siguiente&quot;,&quot;step_previous_label&quot;:&quot;Anterior&quot;,&quot;button_width&quot;:&quot;100&quot;,&quot;step_type&quot;:&quot;number_text&quot;,&quot;step_icon_shape&quot;:&quot;circle&quot;}\" data-widget_type=\"form.default\">\n\t\t\t\t<div class=\"elementor-widget-container\">\n\t\t\t\t\t\t\t<form class=\"elementor-form\" method=\"post\" name=\"Nuevo formulario\" aria-label=\"Nuevo formulario\">\n\t\t\t<input type=\"hidden\" name=\"post_id\" value=\"1665\"\/>\n\t\t\t<input type=\"hidden\" name=\"form_id\" value=\"c0605f6\"\/>\n\t\t\t<input type=\"hidden\" name=\"referer_title\" value=\"Zelda People\" \/>\n\n\t\t\t\n\t\t\t<div class=\"elementor-form-fields-wrapper elementor-labels-above\">\n\t\t\t\t\t\t\t\t<div class=\"elementor-field-type-text elementor-field-group elementor-column elementor-field-group-name elementor-col-100\">\n\t\t\t\t\t\t\t\t\t\t\t\t\t<input size=\"1\" type=\"text\" name=\"form_fields[name]\" id=\"form-field-name\" class=\"elementor-field elementor-size-sm  elementor-field-textual\" placeholder=\"Nombre\">\n\t\t\t\t\t\t\t\t\t\t\t<\/div>\n\t\t\t\t\t\t\t\t<div class=\"elementor-field-type-email elementor-field-group elementor-column elementor-field-group-email elementor-col-100 elementor-field-required\">\n\t\t\t\t\t\t\t\t\t\t\t\t\t<input size=\"1\" type=\"email\" name=\"form_fields[email]\" id=\"form-field-email\" class=\"elementor-field elementor-size-sm  elementor-field-textual\" placeholder=\"Direcci\u00f3n de correo electr\u00f3nico\" required=\"required\">\n\t\t\t\t\t\t\t\t\t\t\t<\/div>\n\t\t\t\t\t\t\t\t<div class=\"elementor-field-type-tel elementor-field-group elementor-column elementor-field-group-field_5d73c60 elementor-col-100 elementor-field-required\">\n\t\t\t\t\t\t\t<input size=\"1\" type=\"tel\" name=\"form_fields[field_5d73c60]\" id=\"form-field-field_5d73c60\" class=\"elementor-field elementor-size-sm  elementor-field-textual\" placeholder=\"Tel\u00e9fono\" required=\"required\" pattern=\"[0-9()#&amp;+*-=.]+\" title=\"Solo se aceptan n\u00fameros y caracteres de tel\u00e9fono (#,-,*,etc).\">\n\n\t\t\t\t\t\t<\/div>\n\t\t\t\t\t\t\t\t<div class=\"elementor-field-type-text elementor-field-group elementor-column elementor-field-group-field_e928337 elementor-col-100 elementor-field-required\">\n\t\t\t\t\t\t\t\t\t\t\t\t\t<input size=\"1\" type=\"text\" name=\"form_fields[field_e928337]\" id=\"form-field-field_e928337\" class=\"elementor-field elementor-size-sm  elementor-field-textual\" placeholder=\"Direcci\u00f3n\" required=\"required\">\n\t\t\t\t\t\t\t\t\t\t\t<\/div>\n\t\t\t\t\t\t\t\t<div class=\"elementor-field-type-text elementor-field-group elementor-column elementor-field-group-field_edae1eb elementor-col-100 elementor-field-required\">\n\t\t\t\t\t\t\t\t\t\t\t\t\t<input size=\"1\" type=\"text\" name=\"form_fields[field_edae1eb]\" id=\"form-field-field_edae1eb\" class=\"elementor-field elementor-size-sm  elementor-field-textual\" placeholder=\"C\u00f3digo postal y ciudad\" required=\"required\">\n\t\t\t\t\t\t\t\t\t\t\t<\/div>\n\t\t\t\t\t\t\t\t<div class=\"elementor-field-type-upload elementor-field-group elementor-column elementor-field-group-field_fe298a4 elementor-col-100 elementor-field-required\">\n\t\t\t\t\t\t\t\t\t\t\t\t<label for=\"form-field-field_fe298a4\" class=\"elementor-field-label\">\n\t\t\t\t\t\t\t\tCurriculum vitae:\t\t\t\t\t\t\t<\/label>\n\t\t\t\t\t\t\t\t<input type=\"file\" name=\"form_fields[field_fe298a4]\" id=\"form-field-field_fe298a4\" class=\"elementor-field elementor-size-sm  elementor-upload-field\" required=\"required\" data-maxsize=\"4\" data-maxsize-message=\"Este archivo excede el tama\u00f1o m\u00e1ximo permitido.\">\n\n\t\t\t\t\t\t<\/div>\n\t\t\t\t\t\t\t\t<div class=\"elementor-field-group elementor-column elementor-field-type-submit elementor-col-100 e-form__buttons\">\n\t\t\t\t\t<button class=\"elementor-button elementor-size-xs\" type=\"submit\">\n\t\t\t\t\t\t<span class=\"elementor-button-content-wrapper\">\n\t\t\t\t\t\t\t\t\t\t\t\t\t\t\t\t\t\t\t\t\t\t<span class=\"elementor-button-text\">Enviar<\/span>\n\t\t\t\t\t\t\t\t\t\t\t\t\t<\/span>\n\t\t\t\t\t<\/button>\n\t\t\t\t<\/div>\n\t\t\t<\/div>\n\t\t<\/form>\n\t\t\t\t\t\t<\/div>\n\t\t\t\t<\/div>\n\t\t\t\t<div class=\"elementor-element elementor-element-d2b86f0 elementor-widget__width-auto elementor-widget elementor-widget-text-editor\" data-id=\"d2b86f0\" data-element_type=\"widget\" data-e-type=\"widget\" data-widget_type=\"text-editor.default\">\n\t\t\t\t<div class=\"elementor-widget-container\">\n\t\t\t\t\t\t\t\t\t<p>Vas a inscribirte como candidato en Zelda People. Durante el registro, Zelda People recoge y utiliza sus datos personales para poner a su disposici\u00f3n nuestros servicios y gestionar su relaci\u00f3n con nosotros. Nuestra Declaraci\u00f3n de privacidad explica c\u00f3mo utilizamos sus datos y qu\u00e9 derechos tiene. Si decide facilitarnos la denominada \u00abinformaci\u00f3n sensible\u00bb cuando no se la pedimos, acepta que la utilicemos de la forma establecida en la Declaraci\u00f3n de privacidad.<\/p>\n\t\t\t\t\t\t\t\t<\/div>\n\t\t\t\t<\/div>\n\t\t\t\t<\/div>\n\t\t<div class=\"elementor-element elementor-element-c3f0215 e-con-full e-flex e-con e-child\" data-id=\"c3f0215\" data-element_type=\"container\" data-e-type=\"container\">\n\t\t<div class=\"elementor-element elementor-element-14e2a6c e-flex e-con-boxed e-con e-child\" data-id=\"14e2a6c\" data-element_type=\"container\" data-e-type=\"container\">\n\t\t\t\t\t<div class=\"e-con-inner\">\n\t\t<div class=\"elementor-element elementor-element-5aff246 e-flex e-con-boxed e-con e-child\" data-id=\"5aff246\" data-element_type=\"container\" data-e-type=\"container\" data-settings=\"{&quot;shape_divider_bottom&quot;:&quot;curve&quot;}\">\n\t\t\t\t\t<div class=\"e-con-inner\">\n\t\t\t\t<div class=\"elementor-shape elementor-shape-bottom\" aria-hidden=\"true\" data-negative=\"false\">\n\t\t\t<svg xmlns=\"http:\/\/www.w3.org\/2000\/svg\" viewBox=\"0 0 1000 100\" preserveAspectRatio=\"none\">\n    <path class=\"elementor-shape-fill\" d=\"M1000,4.3V0H0v4.3C0.9,23.1,126.7,99.2,500,100S1000,22.7,1000,4.3z\"\/>\n<\/svg>\t\t<\/div>\n\t\t\t\t\t<\/div>\n\t\t\t\t<\/div>\n\t\t<div class=\"elementor-element elementor-element-7287136 e-flex e-con-boxed e-con e-child\" data-id=\"7287136\" data-element_type=\"container\" data-e-type=\"container\" data-settings=\"{&quot;background_background&quot;:&quot;classic&quot;}\">\n\t\t\t\t\t<div class=\"e-con-inner\">\n\t\t\t\t<div class=\"elementor-element elementor-element-b5fa3cb elementor-widget elementor-widget-text-editor\" data-id=\"b5fa3cb\" data-element_type=\"widget\" data-e-type=\"widget\" data-widget_type=\"text-editor.default\">\n\t\t\t\t<div class=\"elementor-widget-container\">\n\t\t\t\t\t\t\t\t\t<p>Si tiene alguna pregunta, siempre puede ponerse en contacto con nuestro responsable de contrataci\u00f3n:<\/p>\n\t\t\t\t\t\t\t\t<\/div>\n\t\t\t\t<\/div>\n\t\t\t\t<div class=\"elementor-element elementor-element-fc5b147 elementor-widget elementor-widget-text-editor\" data-id=\"fc5b147\" data-element_type=\"widget\" data-e-type=\"widget\" data-widget_type=\"text-editor.default\">\n\t\t\t\t<div class=\"elementor-widget-container\">\n\t\t\t\t\t\t\t\t\t<p>Mar\u00eda Lamers<\/p>\n\t\t\t\t\t\t\t\t<\/div>\n\t\t\t\t<\/div>\n\t\t\t\t<div class=\"elementor-element elementor-element-72d2987 elementor-widget elementor-widget-text-editor\" data-id=\"72d2987\" data-element_type=\"widget\" data-e-type=\"widget\" data-widget_type=\"text-editor.default\">\n\t\t\t\t<div class=\"elementor-widget-container\">\n\t\t\t\t\t\t\t\t\t<p>Disponible en: recruitment@zeldapeople.com  <\/p>\n<p> <a href=\"tel:+31%206%203839%205012\">+31 6 3839 5012<\/a><\/p>\n\t\t\t\t\t\t\t\t<\/div>\n\t\t\t\t<\/div>\n\t\t\t\t\t<\/div>\n\t\t\t\t<\/div>\n\t\t\t\t\t<\/div>\n\t\t\t\t<\/div>\n\t\t\t\t<\/div>\n\t\t\t\t\t<\/div>\n\t\t\t\t<\/div>\n\t\t\t\t\t<\/div>\n\t\t\t\t<\/div>\n\t\t\t\t<\/div>\n\t\t","protected":false},"excerpt":{"rendered":"<p>\u00a1Entra a formar parte del equipo de the Zelda People hoy mismo! P\u00f3ngase a trabajar r\u00e1pidamente para uno de nuestros clientes. Rellene el formulario adjunto y nos pondremos en contacto con usted inmediatamente. Vas a inscribirte como candidato en Zelda People. Durante el registro, Zelda People recoge y utiliza sus datos personales para poner a [&hellip;]<\/p>\n","protected":false},"author":2,"featured_media":0,"parent":0,"menu_order":0,"comment_status":"closed","ping_status":"closed","template":"","meta":{"_acf_changed":false,"footnotes":""},"class_list":["post-1665","page","type-page","status-publish","hentry"],"acf":[],"yoast_head":"<!-- This site is optimized with the Yoast SEO plugin v27.3 - https:\/\/yoast.com\/product\/yoast-seo-wordpress\/ -->\n<title>Suscr\u00edbase directamente - Zelda People<\/title>\n<meta name=\"robots\" content=\"index, follow, max-snippet:-1, max-image-preview:large, max-video-preview:-1\" \/>\n<link rel=\"canonical\" href=\"https:\/\/zeldapeople.com\/es\/suscribase-directamente\/\" \/>\n<meta property=\"og:locale\" content=\"es_ES\" \/>\n<meta property=\"og:type\" content=\"article\" \/>\n<meta property=\"og:title\" content=\"Suscr\u00edbase directamente - Zelda People\" \/>\n<meta property=\"og:description\" content=\"\u00a1Entra a formar parte del equipo de the Zelda People hoy mismo! P\u00f3ngase a trabajar r\u00e1pidamente para uno de nuestros clientes. Rellene el formulario adjunto y nos pondremos en contacto con usted inmediatamente. Vas a inscribirte como candidato en Zelda People. Durante el registro, Zelda People recoge y utiliza sus datos personales para poner a [&hellip;]\" \/>\n<meta property=\"og:url\" content=\"https:\/\/zeldapeople.com\/es\/suscribase-directamente\/\" \/>\n<meta property=\"og:site_name\" content=\"Zelda People\" \/>\n<meta property=\"article:modified_time\" content=\"2025-04-09T13:41:18+00:00\" \/>\n<meta name=\"twitter:card\" content=\"summary_large_image\" \/>\n<meta name=\"twitter:label1\" content=\"Tiempo de lectura\" \/>\n\t<meta name=\"twitter:data1\" content=\"1 minuto\" \/>\n<script type=\"application\/ld+json\" class=\"yoast-schema-graph\">{\"@context\":\"https:\\\/\\\/schema.org\",\"@graph\":[{\"@type\":\"WebPage\",\"@id\":\"https:\\\/\\\/zeldapeople.com\\\/es\\\/suscribase-directamente\\\/\",\"url\":\"https:\\\/\\\/zeldapeople.com\\\/es\\\/suscribase-directamente\\\/\",\"name\":\"Suscr\u00edbase directamente - Zelda People\",\"isPartOf\":{\"@id\":\"https:\\\/\\\/zeldapeople.com\\\/#website\"},\"datePublished\":\"2023-10-20T10:02:14+00:00\",\"dateModified\":\"2025-04-09T13:41:18+00:00\",\"breadcrumb\":{\"@id\":\"https:\\\/\\\/zeldapeople.com\\\/es\\\/suscribase-directamente\\\/#breadcrumb\"},\"inLanguage\":\"es\",\"potentialAction\":[{\"@type\":\"ReadAction\",\"target\":[\"https:\\\/\\\/zeldapeople.com\\\/es\\\/suscribase-directamente\\\/\"]}]},{\"@type\":\"BreadcrumbList\",\"@id\":\"https:\\\/\\\/zeldapeople.com\\\/es\\\/suscribase-directamente\\\/#breadcrumb\",\"itemListElement\":[{\"@type\":\"ListItem\",\"position\":1,\"name\":\"Home\",\"item\":\"https:\\\/\\\/zeldapeople.com\\\/\"},{\"@type\":\"ListItem\",\"position\":2,\"name\":\"Suscr\u00edbase directamente\"}]},{\"@type\":\"WebSite\",\"@id\":\"https:\\\/\\\/zeldapeople.com\\\/#website\",\"url\":\"https:\\\/\\\/zeldapeople.com\\\/\",\"name\":\"Zelda People\",\"description\":\"\",\"potentialAction\":[{\"@type\":\"SearchAction\",\"target\":{\"@type\":\"EntryPoint\",\"urlTemplate\":\"https:\\\/\\\/zeldapeople.com\\\/?s={search_term_string}\"},\"query-input\":{\"@type\":\"PropertyValueSpecification\",\"valueRequired\":true,\"valueName\":\"search_term_string\"}}],\"inLanguage\":\"es\"}]}<\/script>\n<!-- \/ Yoast SEO plugin. -->","yoast_head_json":{"title":"Suscr\u00edbase directamente - Zelda People","robots":{"index":"index","follow":"follow","max-snippet":"max-snippet:-1","max-image-preview":"max-image-preview:large","max-video-preview":"max-video-preview:-1"},"canonical":"https:\/\/zeldapeople.com\/es\/suscribase-directamente\/","og_locale":"es_ES","og_type":"article","og_title":"Suscr\u00edbase directamente - Zelda People","og_description":"\u00a1Entra a formar parte del equipo de the Zelda People hoy mismo! P\u00f3ngase a trabajar r\u00e1pidamente para uno de nuestros clientes. Rellene el formulario adjunto y nos pondremos en contacto con usted inmediatamente. Vas a inscribirte como candidato en Zelda People. Durante el registro, Zelda People recoge y utiliza sus datos personales para poner a [&hellip;]","og_url":"https:\/\/zeldapeople.com\/es\/suscribase-directamente\/","og_site_name":"Zelda People","article_modified_time":"2025-04-09T13:41:18+00:00","twitter_card":"summary_large_image","twitter_misc":{"Tiempo de lectura":"1 minuto"},"schema":{"@context":"https:\/\/schema.org","@graph":[{"@type":"WebPage","@id":"https:\/\/zeldapeople.com\/es\/suscribase-directamente\/","url":"https:\/\/zeldapeople.com\/es\/suscribase-directamente\/","name":"Suscr\u00edbase directamente - Zelda People","isPartOf":{"@id":"https:\/\/zeldapeople.com\/#website"},"datePublished":"2023-10-20T10:02:14+00:00","dateModified":"2025-04-09T13:41:18+00:00","breadcrumb":{"@id":"https:\/\/zeldapeople.com\/es\/suscribase-directamente\/#breadcrumb"},"inLanguage":"es","potentialAction":[{"@type":"ReadAction","target":["https:\/\/zeldapeople.com\/es\/suscribase-directamente\/"]}]},{"@type":"BreadcrumbList","@id":"https:\/\/zeldapeople.com\/es\/suscribase-directamente\/#breadcrumb","itemListElement":[{"@type":"ListItem","position":1,"name":"Home","item":"https:\/\/zeldapeople.com\/"},{"@type":"ListItem","position":2,"name":"Suscr\u00edbase directamente"}]},{"@type":"WebSite","@id":"https:\/\/zeldapeople.com\/#website","url":"https:\/\/zeldapeople.com\/","name":"Zelda People","description":"","potentialAction":[{"@type":"SearchAction","target":{"@type":"EntryPoint","urlTemplate":"https:\/\/zeldapeople.com\/?s={search_term_string}"},"query-input":{"@type":"PropertyValueSpecification","valueRequired":true,"valueName":"search_term_string"}}],"inLanguage":"es"}]}},"_links":{"self":[{"href":"https:\/\/zeldapeople.com\/es\/wp-json\/wp\/v2\/pages\/1665","targetHints":{"allow":["GET"]}}],"collection":[{"href":"https:\/\/zeldapeople.com\/es\/wp-json\/wp\/v2\/pages"}],"about":[{"href":"https:\/\/zeldapeople.com\/es\/wp-json\/wp\/v2\/types\/page"}],"author":[{"embeddable":true,"href":"https:\/\/zeldapeople.com\/es\/wp-json\/wp\/v2\/users\/2"}],"replies":[{"embeddable":true,"href":"https:\/\/zeldapeople.com\/es\/wp-json\/wp\/v2\/comments?post=1665"}],"version-history":[{"count":4,"href":"https:\/\/zeldapeople.com\/es\/wp-json\/wp\/v2\/pages\/1665\/revisions"}],"predecessor-version":[{"id":4252,"href":"https:\/\/zeldapeople.com\/es\/wp-json\/wp\/v2\/pages\/1665\/revisions\/4252"}],"wp:attachment":[{"href":"https:\/\/zeldapeople.com\/es\/wp-json\/wp\/v2\/media?parent=1665"}],"curies":[{"name":"wp","href":"https:\/\/api.w.org\/{rel}","templated":true}]}}