{"id":1721,"date":"2023-10-26T16:29:01","date_gmt":"2023-10-26T14:29:01","guid":{"rendered":"https:\/\/zeldapeople.com\/oswiadczenie-o-ochronie-prywatnosci\/"},"modified":"2025-04-09T15:39:28","modified_gmt":"2025-04-09T13:39:28","slug":"oswiadczenie-o-ochronie-prywatnosci","status":"publish","type":"page","link":"https:\/\/zeldapeople.com\/pl\/oswiadczenie-o-ochronie-prywatnosci\/","title":{"rendered":"O\u015bwiadczenie o ochronie prywatno\u015bci"},"content":{"rendered":"\t\t<div data-elementor-type=\"wp-page\" data-elementor-id=\"1721\" class=\"elementor elementor-1721 elementor-739\" data-elementor-post-type=\"page\">\n\t\t\t\t<div class=\"elementor-element elementor-element-f38f321 e-flex e-con-boxed e-con e-parent\" data-id=\"f38f321\" data-element_type=\"container\" data-e-type=\"container\">\n\t\t\t\t\t<div class=\"e-con-inner\">\n\t\t<div class=\"elementor-element elementor-element-3d5ac83 e-flex e-con-boxed e-con e-child\" data-id=\"3d5ac83\" data-element_type=\"container\" data-e-type=\"container\">\n\t\t\t\t\t<div class=\"e-con-inner\">\n\t\t\t\t<div class=\"elementor-element elementor-element-18bbe5e elementor-widget elementor-widget-heading\" data-id=\"18bbe5e\" data-element_type=\"widget\" data-e-type=\"widget\" data-widget_type=\"heading.default\">\n\t\t\t\t<div class=\"elementor-widget-container\">\n\t\t\t\t\t<h4 class=\"elementor-heading-title elementor-size-default\"><span style=\"font-weight:300\">O\u015bwiadczenie o ochronie prywatno\u015bci<\/span> Zelda\nLudzie<\/h4>\t\t\t\t<\/div>\n\t\t\t\t<\/div>\n\t\t\t\t\t<\/div>\n\t\t\t\t<\/div>\n\t\t\t\t\t<\/div>\n\t\t\t\t<\/div>\n\t\t<div class=\"elementor-element elementor-element-9315d0a e-flex e-con-boxed e-con e-parent\" data-id=\"9315d0a\" data-element_type=\"container\" data-e-type=\"container\">\n\t\t\t\t\t<div class=\"e-con-inner\">\n\t\t\t\t<div class=\"elementor-element elementor-element-672beea elementor-widget elementor-widget-text-editor\" data-id=\"672beea\" data-element_type=\"widget\" data-e-type=\"widget\" data-widget_type=\"text-editor.default\">\n\t\t\t\t<div class=\"elementor-widget-container\">\n\t\t\t\t\t\t\t\t\t<p>Zelda People I B.V. szanuje prywatno\u015b\u0107 swoich pracownik\u00f3w, w szczeg\u00f3lno\u015bci ich prawa dotycz\u0105ce automatycznego przetwarzania danych osobowych. W zwi\u0105zku z tym sformu\u0142owali\u015bmy i wdro\u017cyli\u015bmy polityk\u0119 pe\u0142nej przejrzysto\u015bci wobec naszych klient\u00f3w w odniesieniu do przetwarzania danych osobowych, jego cel\u00f3w i mo\u017cliwo\u015bci korzystania z praw w najlepszy mo\u017cliwy spos\u00f3b.<\/p>\n<p>Je\u015bli potrzebujesz dodatkowych informacji na temat ochrony danych osobowych, odwied\u017a stron\u0119 internetow\u0105 holenderskiego organu ochrony danych (Autoriteit Persoonsgegevens).<\/p>\n<p>Artyku\u0142 1 &#8211; Definicja prawna<\/p>\n<p>Podmiot odpowiedzialny za przetwarzanie danych osobowych (dalej: &#8222;administrator&#8221; lub &#8222;administratorzy&#8221;):<br \/>Zelda People I B.V., z siedzib\u0105 pod adresem Hoogstraat 5, 5462 CW Veghel, Holandia, numer Izby Handlowej: 52461653;<br \/>Zelda People II B.V., z siedzib\u0105 pod adresem Kleefseweg 85B, 6599 AB Ven-Zelderheide, Holandia, numer Izby Handlowej: 12046248;<br \/>Zelda People III B.V., z siedzib\u0105 pod adresem Hoogstraat 5, 5462 CW Veghel, Holandia, numer Izby Handlowej: 75671948;<br \/>Zelda People IV B.V., z siedzib\u0105 pod adresem Hoogstraat 5, 5462 CW Veghel, Holandia, numer Izby Handlowej: 83365788;<br \/>Zelda People V B.V., z siedzib\u0105 pod adresem Hoogstraat 5, 5462 CW Veghel, Holandia, numer Izby Handlowej: 88315622;<\/p>\n<p>Artyku\u0142 2 &#8211; Przetwarzanie danych osobowych<br \/>Dane osobowe oznaczaj\u0105 wszelkie informacje dotycz\u0105ce zidentyfikowanej lub mo\u017cliwej do zidentyfikowania osoby fizycznej (&#8222;osoby, kt\u00f3rej dane dotycz\u0105&#8221;).<br \/>Mo\u017cliwa do zidentyfikowania osoba fizyczna to osoba, kt\u00f3r\u0105 mo\u017cna bezpo\u015brednio lub po\u015brednio zidentyfikowa\u0107, w szczeg\u00f3lno\u015bci na podstawie identyfikatora takiego jak imi\u0119 i nazwisko, numer identyfikacyjny, dane o lokalizacji, identyfikator internetowy lub jeden b\u0105d\u017a kilka szczeg\u00f3lnych czynnik\u00f3w okre\u015blaj\u0105cych fizyczn\u0105, fizjologiczn\u0105, genetyczn\u0105, psychiczn\u0105, ekonomiczn\u0105, kulturow\u0105 lub spo\u0142eczn\u0105 to\u017csamo\u015b\u0107 osoby fizycznej.<br \/>Przetwarzamy nast\u0119puj\u0105ce kategorie danych osobowych u\u017cytkownik\u00f3w:<br \/>&#8211; Nazwa<br \/>&#8211; P\u0142e\u0107<br \/>&#8211; Adres<br \/>&#8211; Adres(y) e-mail<br \/>&#8211; Numer telefonu<br \/>&#8211; Konto(a) bankowe<br \/>&#8211; Numer ubezpieczenia spo\u0142ecznego (BSN)<br \/>&#8211; Data urodzenia<br \/>&#8211; Miejsce urodzenia<br \/>&#8211; Wyniki test\u00f3w<br \/>&#8211; Dane dotycz\u0105ce pracy i zada\u0144, w tym wynagrodzenia.<br \/>&#8211; Wykszta\u0142cenie (poziom)<\/p>\n<p>Artyku\u0142 3 &#8211; Cel przetwarzania<\/p>\n<p>Nie gromadzimy danych osobowych u\u017cytkownik\u00f3w bez celu. Dane osobowe u\u017cytkownika s\u0105 przetwarzane w celu:<br \/>nasi pracownicy administracja<\/p>\n<p>Artyku\u0142 4 &#8211; Rejestracja danych osobowych<\/p>\n<p>Dane osobowe u\u017cytkownika s\u0105 zapisywane w (elektronicznym) rejestrze.<\/p>\n<p>Artyku\u0142 5 &#8211; Prawa u\u017cytkownika dotycz\u0105ce informacji<br \/>Zgodnie z art. 13 ust. 2 lit. b RODO ka\u017cda osoba, kt\u00f3rej dane dotycz\u0105, ma prawo do informacji i dost\u0119pu do swoich danych osobowych, ich sprostowania, usuni\u0119cia lub ograniczenia przetwarzania, a tak\u017ce prawo do wniesienia sprzeciwu wobec przetwarzania oraz prawo do przenoszenia danych.<br \/>U\u017cytkownik mo\u017ce skorzysta\u0107 z tych praw, kontaktuj\u0105c si\u0119 z nami pod adresem info@zeldapeople.com.<br \/>W ci\u0105gu miesi\u0105ca od z\u0142o\u017cenia wniosku otrzymasz od nas odpowied\u017a.<br \/>W zale\u017cno\u015bci od z\u0142o\u017cono\u015bci i liczby wniosk\u00f3w okres ten mo\u017ce zosta\u0107 przed\u0142u\u017cony do dw\u00f3ch miesi\u0119cy.<\/p>\n<p>Artyku\u0142 6 &#8211; Zobowi\u0105zania prawne<\/p>\n<p>W przypadku naruszenia jakiegokolwiek prawa lub regulacji, o kt\u00f3re podejrzewany jest odwiedzaj\u0105cy i w zwi\u0105zku z kt\u00f3rym organy wymagaj\u0105 danych osobowych zebranych przez administratora, zostan\u0105 one im przekazane na wyra\u017ane i uzasadnione \u017c\u0105danie tych organ\u00f3w, po czym te dane osobowe nie b\u0119d\u0105 ju\u017c obj\u0119te ochron\u0105 postanowie\u0144 niniejszej Polityki prywatno\u015bci.<\/p>\n<p>Artyku\u0142 7 &#8211; Oferty handlowe<br \/>U\u017cytkownik mo\u017ce otrzymywa\u0107 oferty handlowe od administratora. Je\u015bli nie chcesz ju\u017c ich otrzymywa\u0107, wy\u015blij nam wiadomo\u015b\u0107 e-mail na nast\u0119puj\u0105cy adres: info@zeldapeople.com.<br \/>Dane osobowe u\u017cytkownika mog\u0105 by\u0107 wykorzystywane przez naszych partner\u00f3w w celach komercyjnych. Je\u015bli nie \u017cyczysz sobie, aby tak si\u0119 sta\u0142o, wy\u015blij nam wiadomo\u015b\u0107 e-mail na nast\u0119puj\u0105cy adres: info@zeldapeople.com.<\/p>\n<p>Artyku\u0142 8 &#8211; Zatrzymywanie danych<\/p>\n<p>Zebrane dane s\u0105 wykorzystywane i przechowywane przez okres okre\u015blony przez prawo.<\/p>\n<p>Artyku\u0142 9 &#8211; Prawo w\u0142a\u015bciwe<\/p>\n<p>Niniejsze warunki podlegaj\u0105 prawu holenderskiemu. S\u0105d w okr\u0119gu, w kt\u00f3rym administrator ma swoje miejsce prowadzenia dzia\u0142alno\u015bci, ma wy\u0142\u0105czn\u0105 jurysdykcj\u0119 w przypadku powstania jakiegokolwiek sporu dotycz\u0105cego tych warunk\u00f3w, chyba \u017ce ma zastosowanie wyj\u0105tek prawny.<\/p>\n<p>Artyku\u0142 10 &#8211; Kontakt<\/p>\n<p>W przypadku pr\u00f3\u015bb, pyta\u0144, informacji o produkcie lub dodatkowych informacji prosimy o kontakt: info@zeldapeople.com.<\/p>\n<p>Niniejsze o\u015bwiadczenie o ochronie prywatno\u015bci obowi\u0105zuje od 01 pa\u017adziernika 2023 r. do odwo\u0142ania<\/p>\n\t\t\t\t\t\t\t\t<\/div>\n\t\t\t\t<\/div>\n\t\t\t\t\t<\/div>\n\t\t\t\t<\/div>\n\t\t\t\t<\/div>\n\t\t","protected":false},"excerpt":{"rendered":"<p>O\u015bwiadczenie o ochronie prywatno\u015bci Zelda Ludzie Zelda People I B.V. szanuje prywatno\u015b\u0107 swoich pracownik\u00f3w, w szczeg\u00f3lno\u015bci ich prawa dotycz\u0105ce automatycznego przetwarzania danych osobowych. W zwi\u0105zku z tym sformu\u0142owali\u015bmy i wdro\u017cyli\u015bmy polityk\u0119 pe\u0142nej przejrzysto\u015bci wobec naszych klient\u00f3w w odniesieniu do przetwarzania danych osobowych, jego cel\u00f3w i mo\u017cliwo\u015bci korzystania z praw w najlepszy mo\u017cliwy spos\u00f3b. Je\u015bli potrzebujesz [&hellip;]<\/p>\n","protected":false},"author":2,"featured_media":0,"parent":0,"menu_order":0,"comment_status":"closed","ping_status":"closed","template":"","meta":{"_acf_changed":false,"footnotes":""},"class_list":["post-1721","page","type-page","status-publish","hentry"],"acf":[],"yoast_head":"<!-- This site is optimized with the Yoast SEO plugin v27.3 - https:\/\/yoast.com\/product\/yoast-seo-wordpress\/ -->\n<title>O\u015bwiadczenie o ochronie prywatno\u015bci - Zelda People<\/title>\n<meta name=\"robots\" content=\"index, follow, max-snippet:-1, max-image-preview:large, max-video-preview:-1\" \/>\n<link rel=\"canonical\" href=\"https:\/\/zeldapeople.com\/pl\/oswiadczenie-o-ochronie-prywatnosci\/\" \/>\n<meta property=\"og:locale\" content=\"pl_PL\" \/>\n<meta property=\"og:type\" content=\"article\" \/>\n<meta property=\"og:title\" content=\"O\u015bwiadczenie o ochronie prywatno\u015bci - Zelda People\" \/>\n<meta property=\"og:description\" content=\"O\u015bwiadczenie o ochronie prywatno\u015bci Zelda Ludzie Zelda People I B.V. szanuje prywatno\u015b\u0107 swoich pracownik\u00f3w, w szczeg\u00f3lno\u015bci ich prawa dotycz\u0105ce automatycznego przetwarzania danych osobowych. W zwi\u0105zku z tym sformu\u0142owali\u015bmy i wdro\u017cyli\u015bmy polityk\u0119 pe\u0142nej przejrzysto\u015bci wobec naszych klient\u00f3w w odniesieniu do przetwarzania danych osobowych, jego cel\u00f3w i mo\u017cliwo\u015bci korzystania z praw w najlepszy mo\u017cliwy spos\u00f3b. Je\u015bli potrzebujesz [&hellip;]\" \/>\n<meta property=\"og:url\" content=\"https:\/\/zeldapeople.com\/pl\/oswiadczenie-o-ochronie-prywatnosci\/\" \/>\n<meta property=\"og:site_name\" content=\"Zelda People\" \/>\n<meta property=\"article:modified_time\" content=\"2025-04-09T13:39:28+00:00\" \/>\n<meta name=\"twitter:card\" content=\"summary_large_image\" \/>\n<meta name=\"twitter:label1\" content=\"Szacowany czas czytania\" \/>\n\t<meta name=\"twitter:data1\" content=\"4 minuty\" \/>\n<script type=\"application\/ld+json\" class=\"yoast-schema-graph\">{\"@context\":\"https:\\\/\\\/schema.org\",\"@graph\":[{\"@type\":\"WebPage\",\"@id\":\"https:\\\/\\\/zeldapeople.com\\\/pl\\\/oswiadczenie-o-ochronie-prywatnosci\\\/\",\"url\":\"https:\\\/\\\/zeldapeople.com\\\/pl\\\/oswiadczenie-o-ochronie-prywatnosci\\\/\",\"name\":\"O\u015bwiadczenie o ochronie prywatno\u015bci - Zelda People\",\"isPartOf\":{\"@id\":\"https:\\\/\\\/zeldapeople.com\\\/#website\"},\"datePublished\":\"2023-10-26T14:29:01+00:00\",\"dateModified\":\"2025-04-09T13:39:28+00:00\",\"breadcrumb\":{\"@id\":\"https:\\\/\\\/zeldapeople.com\\\/pl\\\/oswiadczenie-o-ochronie-prywatnosci\\\/#breadcrumb\"},\"inLanguage\":\"pl-PL\",\"potentialAction\":[{\"@type\":\"ReadAction\",\"target\":[\"https:\\\/\\\/zeldapeople.com\\\/pl\\\/oswiadczenie-o-ochronie-prywatnosci\\\/\"]}]},{\"@type\":\"BreadcrumbList\",\"@id\":\"https:\\\/\\\/zeldapeople.com\\\/pl\\\/oswiadczenie-o-ochronie-prywatnosci\\\/#breadcrumb\",\"itemListElement\":[{\"@type\":\"ListItem\",\"position\":1,\"name\":\"Home\",\"item\":\"https:\\\/\\\/zeldapeople.com\\\/\"},{\"@type\":\"ListItem\",\"position\":2,\"name\":\"O\u015bwiadczenie o ochronie prywatno\u015bci\"}]},{\"@type\":\"WebSite\",\"@id\":\"https:\\\/\\\/zeldapeople.com\\\/#website\",\"url\":\"https:\\\/\\\/zeldapeople.com\\\/\",\"name\":\"Zelda People\",\"description\":\"\",\"potentialAction\":[{\"@type\":\"SearchAction\",\"target\":{\"@type\":\"EntryPoint\",\"urlTemplate\":\"https:\\\/\\\/zeldapeople.com\\\/?s={search_term_string}\"},\"query-input\":{\"@type\":\"PropertyValueSpecification\",\"valueRequired\":true,\"valueName\":\"search_term_string\"}}],\"inLanguage\":\"pl-PL\"}]}<\/script>\n<!-- \/ Yoast SEO plugin. -->","yoast_head_json":{"title":"O\u015bwiadczenie o ochronie prywatno\u015bci - Zelda People","robots":{"index":"index","follow":"follow","max-snippet":"max-snippet:-1","max-image-preview":"max-image-preview:large","max-video-preview":"max-video-preview:-1"},"canonical":"https:\/\/zeldapeople.com\/pl\/oswiadczenie-o-ochronie-prywatnosci\/","og_locale":"pl_PL","og_type":"article","og_title":"O\u015bwiadczenie o ochronie prywatno\u015bci - Zelda People","og_description":"O\u015bwiadczenie o ochronie prywatno\u015bci Zelda Ludzie Zelda People I B.V. szanuje prywatno\u015b\u0107 swoich pracownik\u00f3w, w szczeg\u00f3lno\u015bci ich prawa dotycz\u0105ce automatycznego przetwarzania danych osobowych. W zwi\u0105zku z tym sformu\u0142owali\u015bmy i wdro\u017cyli\u015bmy polityk\u0119 pe\u0142nej przejrzysto\u015bci wobec naszych klient\u00f3w w odniesieniu do przetwarzania danych osobowych, jego cel\u00f3w i mo\u017cliwo\u015bci korzystania z praw w najlepszy mo\u017cliwy spos\u00f3b. Je\u015bli potrzebujesz [&hellip;]","og_url":"https:\/\/zeldapeople.com\/pl\/oswiadczenie-o-ochronie-prywatnosci\/","og_site_name":"Zelda People","article_modified_time":"2025-04-09T13:39:28+00:00","twitter_card":"summary_large_image","twitter_misc":{"Szacowany czas czytania":"4 minuty"},"schema":{"@context":"https:\/\/schema.org","@graph":[{"@type":"WebPage","@id":"https:\/\/zeldapeople.com\/pl\/oswiadczenie-o-ochronie-prywatnosci\/","url":"https:\/\/zeldapeople.com\/pl\/oswiadczenie-o-ochronie-prywatnosci\/","name":"O\u015bwiadczenie o ochronie prywatno\u015bci - Zelda People","isPartOf":{"@id":"https:\/\/zeldapeople.com\/#website"},"datePublished":"2023-10-26T14:29:01+00:00","dateModified":"2025-04-09T13:39:28+00:00","breadcrumb":{"@id":"https:\/\/zeldapeople.com\/pl\/oswiadczenie-o-ochronie-prywatnosci\/#breadcrumb"},"inLanguage":"pl-PL","potentialAction":[{"@type":"ReadAction","target":["https:\/\/zeldapeople.com\/pl\/oswiadczenie-o-ochronie-prywatnosci\/"]}]},{"@type":"BreadcrumbList","@id":"https:\/\/zeldapeople.com\/pl\/oswiadczenie-o-ochronie-prywatnosci\/#breadcrumb","itemListElement":[{"@type":"ListItem","position":1,"name":"Home","item":"https:\/\/zeldapeople.com\/"},{"@type":"ListItem","position":2,"name":"O\u015bwiadczenie o ochronie prywatno\u015bci"}]},{"@type":"WebSite","@id":"https:\/\/zeldapeople.com\/#website","url":"https:\/\/zeldapeople.com\/","name":"Zelda People","description":"","potentialAction":[{"@type":"SearchAction","target":{"@type":"EntryPoint","urlTemplate":"https:\/\/zeldapeople.com\/?s={search_term_string}"},"query-input":{"@type":"PropertyValueSpecification","valueRequired":true,"valueName":"search_term_string"}}],"inLanguage":"pl-PL"}]}},"_links":{"self":[{"href":"https:\/\/zeldapeople.com\/pl\/wp-json\/wp\/v2\/pages\/1721","targetHints":{"allow":["GET"]}}],"collection":[{"href":"https:\/\/zeldapeople.com\/pl\/wp-json\/wp\/v2\/pages"}],"about":[{"href":"https:\/\/zeldapeople.com\/pl\/wp-json\/wp\/v2\/types\/page"}],"author":[{"embeddable":true,"href":"https:\/\/zeldapeople.com\/pl\/wp-json\/wp\/v2\/users\/2"}],"replies":[{"embeddable":true,"href":"https:\/\/zeldapeople.com\/pl\/wp-json\/wp\/v2\/comments?post=1721"}],"version-history":[{"count":5,"href":"https:\/\/zeldapeople.com\/pl\/wp-json\/wp\/v2\/pages\/1721\/revisions"}],"predecessor-version":[{"id":4120,"href":"https:\/\/zeldapeople.com\/pl\/wp-json\/wp\/v2\/pages\/1721\/revisions\/4120"}],"wp:attachment":[{"href":"https:\/\/zeldapeople.com\/pl\/wp-json\/wp\/v2\/media?parent=1721"}],"curies":[{"name":"wp","href":"https:\/\/api.w.org\/{rel}","templated":true}]}}