{"id":1671,"date":"2023-10-20T12:02:14","date_gmt":"2023-10-20T10:02:14","guid":{"rendered":"https:\/\/zeldapeople.com\/subscrever-diretamente\/"},"modified":"2023-11-08T13:06:26","modified_gmt":"2023-11-08T13:06:26","slug":"subscrever-diretamente","status":"publish","type":"page","link":"https:\/\/zeldapeople.com\/pt-pt\/subscrever-diretamente\/","title":{"rendered":"Subscrever diretamente!"},"content":{"rendered":"\t\t<div data-elementor-type=\"wp-page\" data-elementor-id=\"1671\" class=\"elementor elementor-1671 elementor-513\" data-elementor-post-type=\"page\">\n\t\t\t\t<div class=\"elementor-element elementor-element-66b71c4 e-flex e-con-boxed e-con e-parent\" data-id=\"66b71c4\" data-element_type=\"container\" data-e-type=\"container\" data-settings=\"{&quot;background_background&quot;:&quot;classic&quot;}\">\n\t\t\t\t\t<div class=\"e-con-inner\">\n\t\t<div class=\"elementor-element elementor-element-1526537 e-flex e-con-boxed e-con e-child\" data-id=\"1526537\" data-element_type=\"container\" data-e-type=\"container\" data-settings=\"{&quot;background_background&quot;:&quot;classic&quot;}\">\n\t\t\t\t\t<div class=\"e-con-inner\">\n\t\t<div class=\"elementor-element elementor-element-1305a7d e-con-full e-flex e-con e-child\" data-id=\"1305a7d\" data-element_type=\"container\" data-e-type=\"container\">\n\t\t\t\t<div class=\"elementor-element elementor-element-03bc9e0 elementor-widget__width-initial elementor-widget-mobile__width-inherit elementor-widget elementor-widget-heading\" data-id=\"03bc9e0\" data-element_type=\"widget\" data-e-type=\"widget\" data-widget_type=\"heading.default\">\n\t\t\t\t<div class=\"elementor-widget-container\">\n\t\t\t\t\t<h2 class=\"elementor-heading-title elementor-size-default\">Fazer parte de\nA equipa Zelda People!<\/h2>\t\t\t\t<\/div>\n\t\t\t\t<\/div>\n\t\t\t\t<div class=\"elementor-element elementor-element-d4c4178 elementor-widget__width-auto elementor-widget elementor-widget-text-editor\" data-id=\"d4c4178\" data-element_type=\"widget\" data-e-type=\"widget\" data-widget_type=\"text-editor.default\">\n\t\t\t\t<div class=\"elementor-widget-container\">\n\t\t\t\t\t\t\t\t\t<p>Come\u00e7ar rapidamente a trabalhar para um dos nossos clientes. Em seguida, preencha o formul\u00e1rio em anexo e entraremos imediatamente em contacto consigo.<\/p>\n\t\t\t\t\t\t\t\t<\/div>\n\t\t\t\t<\/div>\n\t\t\t\t<\/div>\n\t\t<div class=\"elementor-element elementor-element-2320ade e-con-full elementor-hidden-mobile e-flex e-con e-child\" data-id=\"2320ade\" data-element_type=\"container\" data-e-type=\"container\">\n\t\t\t\t<\/div>\n\t\t\t\t\t<\/div>\n\t\t\t\t<\/div>\n\t\t<div class=\"elementor-element elementor-element-da6e158 e-flex e-con-boxed e-con e-child\" data-id=\"da6e158\" data-element_type=\"container\" data-e-type=\"container\" data-settings=\"{&quot;background_background&quot;:&quot;classic&quot;}\">\n\t\t\t\t\t<div class=\"e-con-inner\">\n\t\t<div class=\"elementor-element elementor-element-ac04c91 e-con-full e-flex e-con e-child\" data-id=\"ac04c91\" data-element_type=\"container\" data-e-type=\"container\">\n\t\t\t\t<div class=\"elementor-element elementor-element-c0605f6 elementor-button-align-end aw-contact-form elementor-widget elementor-widget-form\" data-id=\"c0605f6\" data-element_type=\"widget\" data-e-type=\"widget\" data-settings=\"{&quot;step_next_label&quot;:&quot;Seguinte&quot;,&quot;step_previous_label&quot;:&quot;Anterior&quot;,&quot;button_width&quot;:&quot;100&quot;,&quot;step_type&quot;:&quot;number_text&quot;,&quot;step_icon_shape&quot;:&quot;circle&quot;}\" data-widget_type=\"form.default\">\n\t\t\t\t<div class=\"elementor-widget-container\">\n\t\t\t\t\t\t\t<form class=\"elementor-form\" method=\"post\" name=\"Novo formul\u00e1rio\" aria-label=\"Novo formul\u00e1rio\">\n\t\t\t<input type=\"hidden\" name=\"post_id\" value=\"1671\"\/>\n\t\t\t<input type=\"hidden\" name=\"form_id\" value=\"c0605f6\"\/>\n\t\t\t<input type=\"hidden\" name=\"referer_title\" value=\"Zelda People\" \/>\n\n\t\t\t\n\t\t\t<div class=\"elementor-form-fields-wrapper elementor-labels-above\">\n\t\t\t\t\t\t\t\t<div class=\"elementor-field-type-text elementor-field-group elementor-column elementor-field-group-name elementor-col-100\">\n\t\t\t\t\t\t\t\t\t\t\t\t\t<input size=\"1\" type=\"text\" name=\"form_fields[name]\" id=\"form-field-name\" class=\"elementor-field elementor-size-sm  elementor-field-textual\" placeholder=\"Nome\">\n\t\t\t\t\t\t\t\t\t\t\t<\/div>\n\t\t\t\t\t\t\t\t<div class=\"elementor-field-type-email elementor-field-group elementor-column elementor-field-group-email elementor-col-100 elementor-field-required\">\n\t\t\t\t\t\t\t\t\t\t\t\t\t<input size=\"1\" type=\"email\" name=\"form_fields[email]\" id=\"form-field-email\" class=\"elementor-field elementor-size-sm  elementor-field-textual\" placeholder=\"Endere\u00e7o de correio eletr\u00f3nico\" required=\"required\">\n\t\t\t\t\t\t\t\t\t\t\t<\/div>\n\t\t\t\t\t\t\t\t<div class=\"elementor-field-type-tel elementor-field-group elementor-column elementor-field-group-field_5d73c60 elementor-col-100 elementor-field-required\">\n\t\t\t\t\t\t\t<input size=\"1\" type=\"tel\" name=\"form_fields[field_5d73c60]\" id=\"form-field-field_5d73c60\" class=\"elementor-field elementor-size-sm  elementor-field-textual\" placeholder=\"Telefone\" required=\"required\" pattern=\"[0-9()#&amp;+*-=.]+\" title=\"Only numbers and phone characters (#, -, *, etc) are accepted.\">\n\n\t\t\t\t\t\t<\/div>\n\t\t\t\t\t\t\t\t<div class=\"elementor-field-type-text elementor-field-group elementor-column elementor-field-group-field_e928337 elementor-col-100 elementor-field-required\">\n\t\t\t\t\t\t\t\t\t\t\t\t\t<input size=\"1\" type=\"text\" name=\"form_fields[field_e928337]\" id=\"form-field-field_e928337\" class=\"elementor-field elementor-size-sm  elementor-field-textual\" placeholder=\"Endere\u00e7o\" required=\"required\">\n\t\t\t\t\t\t\t\t\t\t\t<\/div>\n\t\t\t\t\t\t\t\t<div class=\"elementor-field-type-text elementor-field-group elementor-column elementor-field-group-field_edae1eb elementor-col-100 elementor-field-required\">\n\t\t\t\t\t\t\t\t\t\t\t\t\t<input size=\"1\" type=\"text\" name=\"form_fields[field_edae1eb]\" id=\"form-field-field_edae1eb\" class=\"elementor-field elementor-size-sm  elementor-field-textual\" placeholder=\"C\u00f3digo postal e cidade\" required=\"required\">\n\t\t\t\t\t\t\t\t\t\t\t<\/div>\n\t\t\t\t\t\t\t\t<div class=\"elementor-field-type-upload elementor-field-group elementor-column elementor-field-group-field_fe298a4 elementor-col-100 elementor-field-required\">\n\t\t\t\t\t\t\t\t\t\t\t\t<label for=\"form-field-field_fe298a4\" class=\"elementor-field-label\">\n\t\t\t\t\t\t\t\tCurriculum vitae:\t\t\t\t\t\t\t<\/label>\n\t\t\t\t\t\t\t\t<input type=\"file\" name=\"form_fields[field_fe298a4]\" id=\"form-field-field_fe298a4\" class=\"elementor-field elementor-size-sm  elementor-upload-field\" required=\"required\" data-maxsize=\"4\" data-maxsize-message=\"This file exceeds the maximum allowed size.\">\n\n\t\t\t\t\t\t<\/div>\n\t\t\t\t\t\t\t\t<div class=\"elementor-field-group elementor-column elementor-field-type-submit elementor-col-100 e-form__buttons\">\n\t\t\t\t\t<button class=\"elementor-button elementor-size-xs\" type=\"submit\">\n\t\t\t\t\t\t<span class=\"elementor-button-content-wrapper\">\n\t\t\t\t\t\t\t\t\t\t\t\t\t\t\t\t\t\t\t\t\t\t<span class=\"elementor-button-text\">Enviar<\/span>\n\t\t\t\t\t\t\t\t\t\t\t\t\t<\/span>\n\t\t\t\t\t<\/button>\n\t\t\t\t<\/div>\n\t\t\t<\/div>\n\t\t<\/form>\n\t\t\t\t\t\t<\/div>\n\t\t\t\t<\/div>\n\t\t\t\t<div class=\"elementor-element elementor-element-d2b86f0 elementor-widget__width-auto elementor-widget elementor-widget-text-editor\" data-id=\"d2b86f0\" data-element_type=\"widget\" data-e-type=\"widget\" data-widget_type=\"text-editor.default\">\n\t\t\t\t<div class=\"elementor-widget-container\">\n\t\t\t\t\t\t\t\t\t<p>Vai inscrever-se como candidato na Zelda People. Durante o registo, a Zelda People recolhe e utiliza os seus dados pessoais para lhe disponibilizar os nossos servi\u00e7os e para gerir a sua rela\u00e7\u00e3o connosco. A nossa Declara\u00e7\u00e3o de Privacidade explica como utilizamos os seus dados e quais os direitos que lhe assistem. Se o utilizador optar por nos fornecer as chamadas &#8220;informa\u00e7\u00f5es sens\u00edveis&#8221; sem que as solicitemos, aceita que as utilizemos da forma indicada na Declara\u00e7\u00e3o de Privacidade.<\/p>\n\t\t\t\t\t\t\t\t<\/div>\n\t\t\t\t<\/div>\n\t\t\t\t<\/div>\n\t\t<div class=\"elementor-element elementor-element-c3f0215 e-con-full e-flex e-con e-child\" data-id=\"c3f0215\" data-element_type=\"container\" data-e-type=\"container\">\n\t\t<div class=\"elementor-element elementor-element-14e2a6c e-flex e-con-boxed e-con e-child\" data-id=\"14e2a6c\" data-element_type=\"container\" data-e-type=\"container\">\n\t\t\t\t\t<div class=\"e-con-inner\">\n\t\t<div class=\"elementor-element elementor-element-5aff246 e-flex e-con-boxed e-con e-child\" data-id=\"5aff246\" data-element_type=\"container\" data-e-type=\"container\" data-settings=\"{&quot;shape_divider_bottom&quot;:&quot;curve&quot;}\">\n\t\t\t\t\t<div class=\"e-con-inner\">\n\t\t\t\t<div class=\"elementor-shape elementor-shape-bottom\" aria-hidden=\"true\" data-negative=\"false\">\n\t\t\t<svg xmlns=\"http:\/\/www.w3.org\/2000\/svg\" viewBox=\"0 0 1000 100\" preserveAspectRatio=\"none\">\n    <path class=\"elementor-shape-fill\" d=\"M1000,4.3V0H0v4.3C0.9,23.1,126.7,99.2,500,100S1000,22.7,1000,4.3z\"\/>\n<\/svg>\t\t<\/div>\n\t\t\t\t<div class=\"elementor-element elementor-element-9c92fda elementor-widget elementor-widget-image\" data-id=\"9c92fda\" data-element_type=\"widget\" data-e-type=\"widget\" data-widget_type=\"image.default\">\n\t\t\t\t<div class=\"elementor-widget-container\">\n\t\t\t\t\t\t\t\t\t\t\t\t\t\t\t<img decoding=\"async\" src=\"https:\/\/zeldapeople.com\/wp-content\/uploads\/2023\/10\/336c29c7636afb1d43b4676a8655c437.png\" title=\"\" alt=\"\" loading=\"lazy\" \/>\t\t\t\t\t\t\t\t\t\t\t\t\t\t\t<\/div>\n\t\t\t\t<\/div>\n\t\t\t\t\t<\/div>\n\t\t\t\t<\/div>\n\t\t<div class=\"elementor-element elementor-element-7287136 e-flex e-con-boxed e-con e-child\" data-id=\"7287136\" data-element_type=\"container\" data-e-type=\"container\" data-settings=\"{&quot;background_background&quot;:&quot;classic&quot;}\">\n\t\t\t\t\t<div class=\"e-con-inner\">\n\t\t\t\t<div class=\"elementor-element elementor-element-b5fa3cb elementor-widget elementor-widget-text-editor\" data-id=\"b5fa3cb\" data-element_type=\"widget\" data-e-type=\"widget\" data-widget_type=\"text-editor.default\">\n\t\t\t\t<div class=\"elementor-widget-container\">\n\t\t\t\t\t\t\t\t\t<p>Se tiver alguma d\u00favida, pode sempre contactar o nosso recrutador:<\/p>\n\t\t\t\t\t\t\t\t<\/div>\n\t\t\t\t<\/div>\n\t\t\t\t<div class=\"elementor-element elementor-element-fc5b147 elementor-widget elementor-widget-text-editor\" data-id=\"fc5b147\" data-element_type=\"widget\" data-e-type=\"widget\" data-widget_type=\"text-editor.default\">\n\t\t\t\t<div class=\"elementor-widget-container\">\n\t\t\t\t\t\t\t\t\t<p>Maria Lamers<\/p>\n\t\t\t\t\t\t\t\t<\/div>\n\t\t\t\t<\/div>\n\t\t\t\t<div class=\"elementor-element elementor-element-72d2987 elementor-widget elementor-widget-text-editor\" data-id=\"72d2987\" data-element_type=\"widget\" data-e-type=\"widget\" data-widget_type=\"text-editor.default\">\n\t\t\t\t<div class=\"elementor-widget-container\">\n\t\t\t\t\t\t\t\t\t<p>Contact\u00e1vel atrav\u00e9s de: <a href=\"tel:+31%206%203839%205012\">+31 6 3839 5012<\/a><\/p>\n\t\t\t\t\t\t\t\t<\/div>\n\t\t\t\t<\/div>\n\t\t\t\t\t<\/div>\n\t\t\t\t<\/div>\n\t\t\t\t\t<\/div>\n\t\t\t\t<\/div>\n\t\t\t\t<\/div>\n\t\t\t\t\t<\/div>\n\t\t\t\t<\/div>\n\t\t\t\t\t<\/div>\n\t\t\t\t<\/div>\n\t\t\t\t<\/div>\n\t\t","protected":false},"excerpt":{"rendered":"<p>Fazer parte de A equipa Zelda People! Come\u00e7ar rapidamente a trabalhar para um dos nossos clientes. Em seguida, preencha o formul\u00e1rio em anexo e entraremos imediatamente em contacto consigo. Vai inscrever-se como candidato na Zelda People. Durante o registo, a Zelda People recolhe e utiliza os seus dados pessoais para lhe disponibilizar os nossos servi\u00e7os [&hellip;]<\/p>\n","protected":false},"author":2,"featured_media":0,"parent":0,"menu_order":0,"comment_status":"closed","ping_status":"closed","template":"","meta":{"_acf_changed":false,"footnotes":""},"class_list":["post-1671","page","type-page","status-publish","hentry"],"acf":[],"yoast_head":"<!-- This site is optimized with the Yoast SEO plugin v27.3 - https:\/\/yoast.com\/product\/yoast-seo-wordpress\/ -->\n<title>Subscrever diretamente! - Zelda People<\/title>\n<meta name=\"robots\" content=\"index, follow, max-snippet:-1, max-image-preview:large, max-video-preview:-1\" \/>\n<link rel=\"canonical\" href=\"https:\/\/zeldapeople.com\/direct-inschrijven\/\" \/>\n<meta property=\"og:locale\" content=\"pt_PT\" \/>\n<meta property=\"og:type\" content=\"article\" \/>\n<meta property=\"og:title\" content=\"Subscrever diretamente! - Zelda People\" \/>\n<meta property=\"og:description\" content=\"Fazer parte de A equipa Zelda People! Come\u00e7ar rapidamente a trabalhar para um dos nossos clientes. Em seguida, preencha o formul\u00e1rio em anexo e entraremos imediatamente em contacto consigo. Vai inscrever-se como candidato na Zelda People. Durante o registo, a Zelda People recolhe e utiliza os seus dados pessoais para lhe disponibilizar os nossos servi\u00e7os [&hellip;]\" \/>\n<meta property=\"og:url\" content=\"https:\/\/zeldapeople.com\/direct-inschrijven\/\" \/>\n<meta property=\"og:site_name\" content=\"Zelda People\" \/>\n<meta property=\"article:modified_time\" content=\"2023-11-08T13:06:26+00:00\" \/>\n<meta property=\"og:image\" content=\"https:\/\/zeldapeople.com\/wp-content\/uploads\/2023\/10\/336c29c7636afb1d43b4676a8655c437.png\" \/>\n<meta name=\"twitter:card\" content=\"summary_large_image\" \/>\n<meta name=\"twitter:label1\" content=\"Tempo estimado de leitura\" \/>\n\t<meta name=\"twitter:data1\" content=\"1 minuto\" \/>\n<script type=\"application\/ld+json\" class=\"yoast-schema-graph\">{\"@context\":\"https:\\\/\\\/schema.org\",\"@graph\":[{\"@type\":\"WebPage\",\"@id\":\"https:\\\/\\\/zeldapeople.com\\\/direct-inschrijven\\\/\",\"url\":\"https:\\\/\\\/zeldapeople.com\\\/direct-inschrijven\\\/\",\"name\":\"Subscrever diretamente! - Zelda People\",\"isPartOf\":{\"@id\":\"https:\\\/\\\/zeldapeople.com\\\/#website\"},\"primaryImageOfPage\":{\"@id\":\"https:\\\/\\\/zeldapeople.com\\\/direct-inschrijven\\\/#primaryimage\"},\"image\":{\"@id\":\"https:\\\/\\\/zeldapeople.com\\\/direct-inschrijven\\\/#primaryimage\"},\"thumbnailUrl\":\"https:\\\/\\\/zeldapeople.com\\\/wp-content\\\/uploads\\\/2023\\\/10\\\/336c29c7636afb1d43b4676a8655c437.png\",\"datePublished\":\"2023-10-20T10:02:14+00:00\",\"dateModified\":\"2023-11-08T13:06:26+00:00\",\"breadcrumb\":{\"@id\":\"https:\\\/\\\/zeldapeople.com\\\/direct-inschrijven\\\/#breadcrumb\"},\"inLanguage\":\"pt-PT\",\"potentialAction\":[{\"@type\":\"ReadAction\",\"target\":[\"https:\\\/\\\/zeldapeople.com\\\/direct-inschrijven\\\/\"]}]},{\"@type\":\"ImageObject\",\"inLanguage\":\"pt-PT\",\"@id\":\"https:\\\/\\\/zeldapeople.com\\\/direct-inschrijven\\\/#primaryimage\",\"url\":\"https:\\\/\\\/zeldapeople.com\\\/wp-content\\\/uploads\\\/2023\\\/10\\\/336c29c7636afb1d43b4676a8655c437.png\",\"contentUrl\":\"https:\\\/\\\/zeldapeople.com\\\/wp-content\\\/uploads\\\/2023\\\/10\\\/336c29c7636afb1d43b4676a8655c437.png\"},{\"@type\":\"BreadcrumbList\",\"@id\":\"https:\\\/\\\/zeldapeople.com\\\/direct-inschrijven\\\/#breadcrumb\",\"itemListElement\":[{\"@type\":\"ListItem\",\"position\":1,\"name\":\"Home\",\"item\":\"https:\\\/\\\/zeldapeople.com\\\/\"},{\"@type\":\"ListItem\",\"position\":2,\"name\":\"Subscrever diretamente!\"}]},{\"@type\":\"WebSite\",\"@id\":\"https:\\\/\\\/zeldapeople.com\\\/#website\",\"url\":\"https:\\\/\\\/zeldapeople.com\\\/\",\"name\":\"Zelda People\",\"description\":\"\",\"potentialAction\":[{\"@type\":\"SearchAction\",\"target\":{\"@type\":\"EntryPoint\",\"urlTemplate\":\"https:\\\/\\\/zeldapeople.com\\\/?s={search_term_string}\"},\"query-input\":{\"@type\":\"PropertyValueSpecification\",\"valueRequired\":true,\"valueName\":\"search_term_string\"}}],\"inLanguage\":\"pt-PT\"}]}<\/script>\n<!-- \/ Yoast SEO plugin. -->","yoast_head_json":{"title":"Subscrever diretamente! - Zelda People","robots":{"index":"index","follow":"follow","max-snippet":"max-snippet:-1","max-image-preview":"max-image-preview:large","max-video-preview":"max-video-preview:-1"},"canonical":"https:\/\/zeldapeople.com\/direct-inschrijven\/","og_locale":"pt_PT","og_type":"article","og_title":"Subscrever diretamente! - Zelda People","og_description":"Fazer parte de A equipa Zelda People! Come\u00e7ar rapidamente a trabalhar para um dos nossos clientes. Em seguida, preencha o formul\u00e1rio em anexo e entraremos imediatamente em contacto consigo. Vai inscrever-se como candidato na Zelda People. Durante o registo, a Zelda People recolhe e utiliza os seus dados pessoais para lhe disponibilizar os nossos servi\u00e7os [&hellip;]","og_url":"https:\/\/zeldapeople.com\/direct-inschrijven\/","og_site_name":"Zelda People","article_modified_time":"2023-11-08T13:06:26+00:00","og_image":[{"url":"https:\/\/zeldapeople.com\/wp-content\/uploads\/2023\/10\/336c29c7636afb1d43b4676a8655c437.png","type":"","width":"","height":""}],"twitter_card":"summary_large_image","twitter_misc":{"Tempo estimado de leitura":"1 minuto"},"schema":{"@context":"https:\/\/schema.org","@graph":[{"@type":"WebPage","@id":"https:\/\/zeldapeople.com\/direct-inschrijven\/","url":"https:\/\/zeldapeople.com\/direct-inschrijven\/","name":"Subscrever diretamente! - Zelda People","isPartOf":{"@id":"https:\/\/zeldapeople.com\/#website"},"primaryImageOfPage":{"@id":"https:\/\/zeldapeople.com\/direct-inschrijven\/#primaryimage"},"image":{"@id":"https:\/\/zeldapeople.com\/direct-inschrijven\/#primaryimage"},"thumbnailUrl":"https:\/\/zeldapeople.com\/wp-content\/uploads\/2023\/10\/336c29c7636afb1d43b4676a8655c437.png","datePublished":"2023-10-20T10:02:14+00:00","dateModified":"2023-11-08T13:06:26+00:00","breadcrumb":{"@id":"https:\/\/zeldapeople.com\/direct-inschrijven\/#breadcrumb"},"inLanguage":"pt-PT","potentialAction":[{"@type":"ReadAction","target":["https:\/\/zeldapeople.com\/direct-inschrijven\/"]}]},{"@type":"ImageObject","inLanguage":"pt-PT","@id":"https:\/\/zeldapeople.com\/direct-inschrijven\/#primaryimage","url":"https:\/\/zeldapeople.com\/wp-content\/uploads\/2023\/10\/336c29c7636afb1d43b4676a8655c437.png","contentUrl":"https:\/\/zeldapeople.com\/wp-content\/uploads\/2023\/10\/336c29c7636afb1d43b4676a8655c437.png"},{"@type":"BreadcrumbList","@id":"https:\/\/zeldapeople.com\/direct-inschrijven\/#breadcrumb","itemListElement":[{"@type":"ListItem","position":1,"name":"Home","item":"https:\/\/zeldapeople.com\/"},{"@type":"ListItem","position":2,"name":"Subscrever diretamente!"}]},{"@type":"WebSite","@id":"https:\/\/zeldapeople.com\/#website","url":"https:\/\/zeldapeople.com\/","name":"Zelda People","description":"","potentialAction":[{"@type":"SearchAction","target":{"@type":"EntryPoint","urlTemplate":"https:\/\/zeldapeople.com\/?s={search_term_string}"},"query-input":{"@type":"PropertyValueSpecification","valueRequired":true,"valueName":"search_term_string"}}],"inLanguage":"pt-PT"}]}},"_links":{"self":[{"href":"https:\/\/zeldapeople.com\/pt-pt\/wp-json\/wp\/v2\/pages\/1671","targetHints":{"allow":["GET"]}}],"collection":[{"href":"https:\/\/zeldapeople.com\/pt-pt\/wp-json\/wp\/v2\/pages"}],"about":[{"href":"https:\/\/zeldapeople.com\/pt-pt\/wp-json\/wp\/v2\/types\/page"}],"author":[{"embeddable":true,"href":"https:\/\/zeldapeople.com\/pt-pt\/wp-json\/wp\/v2\/users\/2"}],"replies":[{"embeddable":true,"href":"https:\/\/zeldapeople.com\/pt-pt\/wp-json\/wp\/v2\/comments?post=1671"}],"version-history":[{"count":3,"href":"https:\/\/zeldapeople.com\/pt-pt\/wp-json\/wp\/v2\/pages\/1671\/revisions"}],"predecessor-version":[{"id":2531,"href":"https:\/\/zeldapeople.com\/pt-pt\/wp-json\/wp\/v2\/pages\/1671\/revisions\/2531"}],"wp:attachment":[{"href":"https:\/\/zeldapeople.com\/pt-pt\/wp-json\/wp\/v2\/media?parent=1671"}],"curies":[{"name":"wp","href":"https:\/\/api.w.org\/{rel}","templated":true}]}}