{"id":1720,"date":"2023-10-26T16:29:01","date_gmt":"2023-10-26T14:29:01","guid":{"rendered":"https:\/\/zeldapeople.com\/gizlilik-beyani\/"},"modified":"2025-04-09T15:39:28","modified_gmt":"2025-04-09T13:39:28","slug":"gizlilik-beyani","status":"publish","type":"page","link":"https:\/\/zeldapeople.com\/tr\/gizlilik-beyani\/","title":{"rendered":"Gizlilik beyan\u0131"},"content":{"rendered":"\t\t<div data-elementor-type=\"wp-page\" data-elementor-id=\"1720\" class=\"elementor elementor-1720 elementor-739\" data-elementor-post-type=\"page\">\n\t\t\t\t<div class=\"elementor-element elementor-element-f38f321 e-flex e-con-boxed e-con e-parent\" data-id=\"f38f321\" data-element_type=\"container\" data-e-type=\"container\">\n\t\t\t\t\t<div class=\"e-con-inner\">\n\t\t<div class=\"elementor-element elementor-element-3d5ac83 e-flex e-con-boxed e-con e-child\" data-id=\"3d5ac83\" data-element_type=\"container\" data-e-type=\"container\">\n\t\t\t\t\t<div class=\"e-con-inner\">\n\t\t\t\t<div class=\"elementor-element elementor-element-18bbe5e elementor-widget elementor-widget-heading\" data-id=\"18bbe5e\" data-element_type=\"widget\" data-e-type=\"widget\" data-widget_type=\"heading.default\">\n\t\t\t\t<div class=\"elementor-widget-container\">\n\t\t\t\t\t<h4 class=\"elementor-heading-title elementor-size-default\"><span style=\"font-weight:300\">Gizlilik beyan\u0131<\/span> Zelda\n\u0130nsanlar<\/h4>\t\t\t\t<\/div>\n\t\t\t\t<\/div>\n\t\t\t\t\t<\/div>\n\t\t\t\t<\/div>\n\t\t\t\t\t<\/div>\n\t\t\t\t<\/div>\n\t\t<div class=\"elementor-element elementor-element-9315d0a e-flex e-con-boxed e-con e-parent\" data-id=\"9315d0a\" data-element_type=\"container\" data-e-type=\"container\">\n\t\t\t\t\t<div class=\"e-con-inner\">\n\t\t\t\t<div class=\"elementor-element elementor-element-672beea elementor-widget elementor-widget-text-editor\" data-id=\"672beea\" data-element_type=\"widget\" data-e-type=\"widget\" data-widget_type=\"text-editor.default\">\n\t\t\t\t<div class=\"elementor-widget-container\">\n\t\t\t\t\t\t\t\t\t<p>Zelda People I B.V. \u00e7al\u0131\u015fanlar\u0131n\u0131n gizlili\u011fine, \u00f6zellikle de ki\u015fisel verilerin otomatik olarak i\u015flenmesine ili\u015fkin haklar\u0131na sayg\u0131 duyar. Bu nedenle, ki\u015fisel verilerin i\u015flenmesi, ama\u00e7(lar)\u0131 ve yasal haklar\u0131n\u0131z\u0131 m\u00fcmk\u00fcn olan en iyi \u015fekilde kullanma olanaklar\u0131 konusunda m\u00fc\u015fterilerimize kar\u015f\u0131 tam bir \u015feffafl\u0131k politikas\u0131 olu\u015fturduk ve uygulad\u0131k.<\/p>\n<p>Ki\u015fisel verilerin korunmas\u0131 hakk\u0131nda daha fazla bilgiye ihtiyac\u0131n\u0131z varsa, l\u00fctfen Hollanda Veri Koruma Kurumu&#8217;nun (Autoriteit Persoonsgegevens) web sitesini ziyaret edin.<\/p>\n<p>Madde 1 &#8211; Yasal tan\u0131m<\/p>\n<p>Ki\u015fisel verilerin i\u015flenmesinden sorumlu taraf (bundan b\u00f6yle &#8220;kontrol\u00f6r&#8221; veya &#8220;kontrol\u00f6rler&#8221; olarak an\u0131lacakt\u0131r):<br \/>Zelda People I B.V., Hoogstraat 5, 5462 CW Veghel, Hollanda adresinde kurulmu\u015ftur, Ticaret Odas\u0131 numaras\u0131: 52461653;<br \/>Zelda People II B.V., Kleefseweg 85B, 6599 AB Ven-Zelderheide, Hollanda adresinde yerle\u015fiktir, Ticaret Odas\u0131 numaras\u0131: 12046248;<br \/>Zelda People III B.V., Hoogstraat 5, 5462 CW Veghel, Hollanda adresinde kurulmu\u015ftur, Ticaret Odas\u0131 numaras\u0131: 75671948;<br \/>Zelda People IV B.V., Hoogstraat 5, 5462 CW Veghel, Hollanda adresinde kurulmu\u015ftur, Ticaret Odas\u0131 numaras\u0131: 83365788;<br \/>Zelda People V B.V., Hoogstraat 5, 5462 CW Veghel, Hollanda adresinde kurulmu\u015ftur, Ticaret Odas\u0131 numaras\u0131: 88315622;<\/p>\n<p>Madde 2 &#8211; Ki\u015fisel verilerin i\u015flenmesi<br \/>Ki\u015fisel veriler, tan\u0131mlanm\u0131\u015f veya tan\u0131mlanabilir bir ger\u00e7ek ki\u015fiye (&#8216;veri sahibi&#8217;) ili\u015fkin her t\u00fcrl\u00fc bilgi anlam\u0131na gelir.<br \/>Tan\u0131mlanabilir bir ger\u00e7ek ki\u015fi, do\u011frudan veya dolayl\u0131 olarak, \u00f6zellikle bir isim, kimlik numaras\u0131, konum verileri, \u00e7evrimi\u00e7i bir tan\u0131mlay\u0131c\u0131 gibi bir tan\u0131mlay\u0131c\u0131ya veya s\u00f6z konusu ger\u00e7ek ki\u015finin fiziksel, fizyolojik, genetik, zihinsel, ekonomik, k\u00fclt\u00fcrel veya sosyal kimli\u011fine \u00f6zg\u00fc bir veya daha fazla fakt\u00f6re at\u0131fta bulunarak tan\u0131mlanabilen ki\u015fidir.<br \/>Sizden ald\u0131\u011f\u0131m\u0131z a\u015fa\u011f\u0131daki ki\u015fisel veri kategorilerini i\u015fliyoruz:<br \/>&#8211; \u0130sim<br \/>&#8211; Cinsiyet<br \/>&#8211; Adres<br \/>&#8211; E-posta adres(ler)i<br \/>&#8211; Telefon numaras\u0131<br \/>&#8211; Banka hesap(lar)\u0131<br \/>&#8211; Sosyal G\u00fcvenlik Numaras\u0131 (BSN)<br \/>&#8211; Do\u011fum tarihi<br \/>&#8211; Do\u011fum Yeri<br \/>&#8211; Test sonu\u00e7lar\u0131<br \/>&#8211; \u00dccret de dahil olmak \u00fczere i\u015finiz ve g\u00f6revlerinizle ilgili veriler.<br \/>&#8211; E\u011fitim (seviye)<\/p>\n<p>Madde 3 &#8211; \u0130\u015flemenin amac\u0131<\/p>\n<p>Ki\u015fisel bilgilerinizi bir ama\u00e7 olmadan toplam\u0131yoruz. Ki\u015fisel verileriniz \u015fu ama\u00e7larla i\u015flenmektedir:<br \/>\u00e7ali\u015fanlarimiz y\u00f6neti\u0307m<\/p>\n<p>Madde 4 &#8211; Ki\u015fisel verilerin kaydedilmesi<\/p>\n<p>Ki\u015fisel verileriniz bir (elektronik) kay\u0131t defterine kaydedilir.<\/p>\n<p>Madde 5 &#8211; Bilgilendirmeye ili\u015fkin haklar\u0131n\u0131z<br \/>GDPR Madde 13 paragraf 2 alt b uyar\u0131nca her veri sahibi, ki\u015fisel verilerinin i\u015flenmesi hakk\u0131nda bilgi edinme ve bunlara eri\u015fim, d\u00fczeltme, silme ve k\u0131s\u0131tlama hakk\u0131n\u0131n yan\u0131 s\u0131ra i\u015flemeye itiraz etme ve veri ta\u015f\u0131nabilirli\u011fi hakk\u0131na sahiptir.<br \/>Bu haklar\u0131n\u0131z\u0131 info@zeldapeople.com adresinden bizimle ileti\u015fime ge\u00e7erek kullanabilirsiniz.<br \/>Talebinizi ilettikten sonraki bir ay i\u00e7inde bizden bir yan\u0131t alacaks\u0131n\u0131z.<br \/>Taleplerin karma\u015f\u0131kl\u0131\u011f\u0131na ve say\u0131s\u0131na ba\u011fl\u0131 olarak bu s\u00fcre iki aya kadar uzat\u0131labilir.<\/p>\n<p>Madde 6 &#8211; Yasal y\u00fck\u00fcml\u00fcl\u00fckler<\/p>\n<p>Bir ziyaret\u00e7inin \u015f\u00fcphelendi\u011fi ve yetkililerin kontrol\u00f6r taraf\u0131ndan toplanan ki\u015fisel verilere ihtiya\u00e7 duydu\u011fu herhangi bir yasa veya y\u00f6netmeli\u011fin ihlali durumunda, bu yetkililerin a\u00e7\u0131k ve gerek\u00e7eli bir talebinden sonra kendilerine sa\u011flanacakt\u0131r, bundan sonra bu ki\u015fisel veriler art\u0131k bu Gizlilik politikas\u0131n\u0131n h\u00fck\u00fcmlerinin korumas\u0131 alt\u0131na girmez.<\/p>\n<p>Madde 7 &#8211; Ticari teklifler<br \/>Kontrol\u00f6rden ticari teklifler alabilirsiniz. Bunlar\u0131 (art\u0131k) almak istemiyorsan\u0131z, l\u00fctfen bize a\u015fa\u011f\u0131daki adrese bir e-posta g\u00f6nderin: info@zeldapeople.com.<br \/>Ki\u015fisel verileriniz ortaklar\u0131m\u0131z taraf\u0131ndan ticari ama\u00e7larla kullan\u0131labilir. Bunun olmas\u0131n\u0131 istemiyorsan\u0131z, l\u00fctfen bize a\u015fa\u011f\u0131daki adrese bir e-posta g\u00f6nderin: info@zeldapeople.com.<\/p>\n<p>Madde 8 &#8211; Veri saklama<\/p>\n<p>Toplanan veriler kanunla belirlenen s\u00fcre boyunca kullan\u0131l\u0131r ve saklan\u0131r.<\/p>\n<p>Madde 9 &#8211; Uygulanacak Hukuk<\/p>\n<p>Bu ko\u015fullar Hollanda yasalar\u0131na tabidir. Yasal bir istisnan\u0131n ge\u00e7erli oldu\u011fu durumlar haricinde, bu ko\u015fullara ili\u015fkin herhangi bir anla\u015fmazl\u0131\u011f\u0131n ortaya \u00e7\u0131kmas\u0131 halinde, kontrol\u00f6r\u00fcn i\u015f yerinin bulundu\u011fu b\u00f6lgedeki mahkeme tek yarg\u0131 yetkisine sahiptir.<\/p>\n<p>Madde 10 &#8211; \u0130leti\u015fim<\/p>\n<p>Talepleriniz, sorular\u0131n\u0131z, \u00fcr\u00fcn bilgileri veya daha fazla bilgi i\u00e7in l\u00fctfen info@zeldapeople.com adresinden ileti\u015fime ge\u00e7in.<\/p>\n<p>Bu gizlilik bildirimi 01 Ekim 2023 tarihinden itibaren bir sonraki duyuruya kadar ge\u00e7erlidir<\/p>\n\t\t\t\t\t\t\t\t<\/div>\n\t\t\t\t<\/div>\n\t\t\t\t\t<\/div>\n\t\t\t\t<\/div>\n\t\t\t\t<\/div>\n\t\t","protected":false},"excerpt":{"rendered":"<p>Gizlilik beyan\u0131 Zelda \u0130nsanlar Zelda People I B.V. \u00e7al\u0131\u015fanlar\u0131n\u0131n gizlili\u011fine, \u00f6zellikle de ki\u015fisel verilerin otomatik olarak i\u015flenmesine ili\u015fkin haklar\u0131na sayg\u0131 duyar. Bu nedenle, ki\u015fisel verilerin i\u015flenmesi, ama\u00e7(lar)\u0131 ve yasal haklar\u0131n\u0131z\u0131 m\u00fcmk\u00fcn olan en iyi \u015fekilde kullanma olanaklar\u0131 konusunda m\u00fc\u015fterilerimize kar\u015f\u0131 tam bir \u015feffafl\u0131k politikas\u0131 olu\u015fturduk ve uygulad\u0131k. Ki\u015fisel verilerin korunmas\u0131 hakk\u0131nda daha fazla bilgiye ihtiyac\u0131n\u0131z [&hellip;]<\/p>\n","protected":false},"author":2,"featured_media":0,"parent":0,"menu_order":0,"comment_status":"closed","ping_status":"closed","template":"","meta":{"_acf_changed":false,"footnotes":""},"class_list":["post-1720","page","type-page","status-publish","hentry"],"acf":[],"yoast_head":"<!-- This site is optimized with the Yoast SEO plugin v27.3 - https:\/\/yoast.com\/product\/yoast-seo-wordpress\/ -->\n<title>Gizlilik beyan\u0131 - Zelda People<\/title>\n<meta name=\"robots\" content=\"index, follow, max-snippet:-1, max-image-preview:large, max-video-preview:-1\" \/>\n<link rel=\"canonical\" href=\"https:\/\/zeldapeople.com\/tr\/gizlilik-beyani\/\" \/>\n<meta property=\"og:locale\" content=\"tr_TR\" \/>\n<meta property=\"og:type\" content=\"article\" \/>\n<meta property=\"og:title\" content=\"Gizlilik beyan\u0131 - Zelda People\" \/>\n<meta property=\"og:description\" content=\"Gizlilik beyan\u0131 Zelda \u0130nsanlar Zelda People I B.V. \u00e7al\u0131\u015fanlar\u0131n\u0131n gizlili\u011fine, \u00f6zellikle de ki\u015fisel verilerin otomatik olarak i\u015flenmesine ili\u015fkin haklar\u0131na sayg\u0131 duyar. Bu nedenle, ki\u015fisel verilerin i\u015flenmesi, ama\u00e7(lar)\u0131 ve yasal haklar\u0131n\u0131z\u0131 m\u00fcmk\u00fcn olan en iyi \u015fekilde kullanma olanaklar\u0131 konusunda m\u00fc\u015fterilerimize kar\u015f\u0131 tam bir \u015feffafl\u0131k politikas\u0131 olu\u015fturduk ve uygulad\u0131k. Ki\u015fisel verilerin korunmas\u0131 hakk\u0131nda daha fazla bilgiye ihtiyac\u0131n\u0131z [&hellip;]\" \/>\n<meta property=\"og:url\" content=\"https:\/\/zeldapeople.com\/tr\/gizlilik-beyani\/\" \/>\n<meta property=\"og:site_name\" content=\"Zelda People\" \/>\n<meta property=\"article:modified_time\" content=\"2025-04-09T13:39:28+00:00\" \/>\n<meta name=\"twitter:card\" content=\"summary_large_image\" \/>\n<meta name=\"twitter:label1\" content=\"Tahmini okuma s\u00fcresi\" \/>\n\t<meta name=\"twitter:data1\" content=\"4 dakika\" \/>\n<script type=\"application\/ld+json\" class=\"yoast-schema-graph\">{\"@context\":\"https:\\\/\\\/schema.org\",\"@graph\":[{\"@type\":\"WebPage\",\"@id\":\"https:\\\/\\\/zeldapeople.com\\\/tr\\\/gizlilik-beyani\\\/\",\"url\":\"https:\\\/\\\/zeldapeople.com\\\/tr\\\/gizlilik-beyani\\\/\",\"name\":\"Gizlilik beyan\u0131 - Zelda People\",\"isPartOf\":{\"@id\":\"https:\\\/\\\/zeldapeople.com\\\/#website\"},\"datePublished\":\"2023-10-26T14:29:01+00:00\",\"dateModified\":\"2025-04-09T13:39:28+00:00\",\"breadcrumb\":{\"@id\":\"https:\\\/\\\/zeldapeople.com\\\/tr\\\/gizlilik-beyani\\\/#breadcrumb\"},\"inLanguage\":\"tr\",\"potentialAction\":[{\"@type\":\"ReadAction\",\"target\":[\"https:\\\/\\\/zeldapeople.com\\\/tr\\\/gizlilik-beyani\\\/\"]}]},{\"@type\":\"BreadcrumbList\",\"@id\":\"https:\\\/\\\/zeldapeople.com\\\/tr\\\/gizlilik-beyani\\\/#breadcrumb\",\"itemListElement\":[{\"@type\":\"ListItem\",\"position\":1,\"name\":\"Home\",\"item\":\"https:\\\/\\\/zeldapeople.com\\\/\"},{\"@type\":\"ListItem\",\"position\":2,\"name\":\"Gizlilik beyan\u0131\"}]},{\"@type\":\"WebSite\",\"@id\":\"https:\\\/\\\/zeldapeople.com\\\/#website\",\"url\":\"https:\\\/\\\/zeldapeople.com\\\/\",\"name\":\"Zelda People\",\"description\":\"\",\"potentialAction\":[{\"@type\":\"SearchAction\",\"target\":{\"@type\":\"EntryPoint\",\"urlTemplate\":\"https:\\\/\\\/zeldapeople.com\\\/?s={search_term_string}\"},\"query-input\":{\"@type\":\"PropertyValueSpecification\",\"valueRequired\":true,\"valueName\":\"search_term_string\"}}],\"inLanguage\":\"tr\"}]}<\/script>\n<!-- \/ Yoast SEO plugin. -->","yoast_head_json":{"title":"Gizlilik beyan\u0131 - Zelda People","robots":{"index":"index","follow":"follow","max-snippet":"max-snippet:-1","max-image-preview":"max-image-preview:large","max-video-preview":"max-video-preview:-1"},"canonical":"https:\/\/zeldapeople.com\/tr\/gizlilik-beyani\/","og_locale":"tr_TR","og_type":"article","og_title":"Gizlilik beyan\u0131 - Zelda People","og_description":"Gizlilik beyan\u0131 Zelda \u0130nsanlar Zelda People I B.V. \u00e7al\u0131\u015fanlar\u0131n\u0131n gizlili\u011fine, \u00f6zellikle de ki\u015fisel verilerin otomatik olarak i\u015flenmesine ili\u015fkin haklar\u0131na sayg\u0131 duyar. Bu nedenle, ki\u015fisel verilerin i\u015flenmesi, ama\u00e7(lar)\u0131 ve yasal haklar\u0131n\u0131z\u0131 m\u00fcmk\u00fcn olan en iyi \u015fekilde kullanma olanaklar\u0131 konusunda m\u00fc\u015fterilerimize kar\u015f\u0131 tam bir \u015feffafl\u0131k politikas\u0131 olu\u015fturduk ve uygulad\u0131k. Ki\u015fisel verilerin korunmas\u0131 hakk\u0131nda daha fazla bilgiye ihtiyac\u0131n\u0131z [&hellip;]","og_url":"https:\/\/zeldapeople.com\/tr\/gizlilik-beyani\/","og_site_name":"Zelda People","article_modified_time":"2025-04-09T13:39:28+00:00","twitter_card":"summary_large_image","twitter_misc":{"Tahmini okuma s\u00fcresi":"4 dakika"},"schema":{"@context":"https:\/\/schema.org","@graph":[{"@type":"WebPage","@id":"https:\/\/zeldapeople.com\/tr\/gizlilik-beyani\/","url":"https:\/\/zeldapeople.com\/tr\/gizlilik-beyani\/","name":"Gizlilik beyan\u0131 - Zelda People","isPartOf":{"@id":"https:\/\/zeldapeople.com\/#website"},"datePublished":"2023-10-26T14:29:01+00:00","dateModified":"2025-04-09T13:39:28+00:00","breadcrumb":{"@id":"https:\/\/zeldapeople.com\/tr\/gizlilik-beyani\/#breadcrumb"},"inLanguage":"tr","potentialAction":[{"@type":"ReadAction","target":["https:\/\/zeldapeople.com\/tr\/gizlilik-beyani\/"]}]},{"@type":"BreadcrumbList","@id":"https:\/\/zeldapeople.com\/tr\/gizlilik-beyani\/#breadcrumb","itemListElement":[{"@type":"ListItem","position":1,"name":"Home","item":"https:\/\/zeldapeople.com\/"},{"@type":"ListItem","position":2,"name":"Gizlilik beyan\u0131"}]},{"@type":"WebSite","@id":"https:\/\/zeldapeople.com\/#website","url":"https:\/\/zeldapeople.com\/","name":"Zelda People","description":"","potentialAction":[{"@type":"SearchAction","target":{"@type":"EntryPoint","urlTemplate":"https:\/\/zeldapeople.com\/?s={search_term_string}"},"query-input":{"@type":"PropertyValueSpecification","valueRequired":true,"valueName":"search_term_string"}}],"inLanguage":"tr"}]}},"_links":{"self":[{"href":"https:\/\/zeldapeople.com\/tr\/wp-json\/wp\/v2\/pages\/1720","targetHints":{"allow":["GET"]}}],"collection":[{"href":"https:\/\/zeldapeople.com\/tr\/wp-json\/wp\/v2\/pages"}],"about":[{"href":"https:\/\/zeldapeople.com\/tr\/wp-json\/wp\/v2\/types\/page"}],"author":[{"embeddable":true,"href":"https:\/\/zeldapeople.com\/tr\/wp-json\/wp\/v2\/users\/2"}],"replies":[{"embeddable":true,"href":"https:\/\/zeldapeople.com\/tr\/wp-json\/wp\/v2\/comments?post=1720"}],"version-history":[{"count":5,"href":"https:\/\/zeldapeople.com\/tr\/wp-json\/wp\/v2\/pages\/1720\/revisions"}],"predecessor-version":[{"id":4113,"href":"https:\/\/zeldapeople.com\/tr\/wp-json\/wp\/v2\/pages\/1720\/revisions\/4113"}],"wp:attachment":[{"href":"https:\/\/zeldapeople.com\/tr\/wp-json\/wp\/v2\/media?parent=1720"}],"curies":[{"name":"wp","href":"https:\/\/api.w.org\/{rel}","templated":true}]}}